{"id":5814,"date":"2020-02-24T09:43:30","date_gmt":"2020-02-24T09:43:30","guid":{"rendered":"http:\/\/rtsb.transoffice-service.de\/?page_id=5814"},"modified":"2024-01-17T12:08:42","modified_gmt":"2024-01-17T12:08:42","slug":"job-auszubildende-r-kauffrau-mann-fur-buromanagement-w-m-d","status":"publish","type":"page","link":"https:\/\/rtsb.group\/de\/job-auszubildende-r-kauffrau-mann-fur-buromanagement-w-m-d\/","title":{"rendered":"JOB Auszubildende\/-r Kauffrau \/-mann f\u00fcr B\u00fcromanagement (w\/m\/d)"},"content":{"rendered":"<p>[et_pb_section fb_built=&#8221;1&#8243; _builder_version=&#8221;4.16&#8243; custom_padding=&#8221;110px||110px||true|&#8221; global_colors_info=&#8221;{}&#8221;][et_pb_row _builder_version=&#8221;4.16&#8243; custom_padding=&#8221;||0px|||&#8221; global_colors_info=&#8221;{}&#8221;][et_pb_column type=&#8221;4_4&#8243; _builder_version=&#8221;4.16&#8243; global_colors_info=&#8221;{}&#8221;][et_pb_text _builder_version=&#8221;4.16&#8243; text_font=&#8221;Montserrat|600|||||||&#8221; text_font_size=&#8221;30px&#8221; text_line_height=&#8221;1.8em&#8221; header_font=&#8221;||||||||&#8221; custom_margin=&#8221;1px||1px|||&#8221; custom_padding=&#8221;||0px|||&#8221; animation_style=&#8221;slide&#8221; animation_direction=&#8221;top&#8221; animation_intensity_slide=&#8221;10%&#8221; locked=&#8221;off&#8221; global_colors_info=&#8221;{}&#8221;]<\/p>\n<p style=\"text-align: left;\">Auszubildende\/n\u00a0 zur\/zum Kauffrau\/ -mann f\u00fcr B\u00fcromanagement (w\/m\/d)<\/p>\n<p><strong><\/strong><\/p>\n<p>[\/et_pb_text][\/et_pb_column][\/et_pb_row][et_pb_row column_structure=&#8221;1_4,1_4,1_4,1_4&#8243; _builder_version=&#8221;4.16&#8243; custom_margin=&#8221;-28px|auto||auto||&#8221; animation_style=&#8221;slide&#8221; animation_intensity_slide=&#8221;20%&#8221; global_colors_info=&#8221;{}&#8221;][et_pb_column type=&#8221;1_4&#8243; _builder_version=&#8221;4.16&#8243; global_colors_info=&#8221;{}&#8221;][et_pb_blurb title=&#8221;Friedrichsdorf&#8221; use_icon=&#8221;on&#8221; font_icon=&#8221;&#xe01e;||divi||400&#8243; icon_color=&#8221;#3c8ac9&#8243; icon_placement=&#8221;left&#8221; image_icon_width=&#8221;22px&#8221; _builder_version=&#8221;4.16&#8243; header_font=&#8221;Montserrat|300|||||||&#8221; header_text_color=&#8221;#3c8ac9&#8243; icon_font_size=&#8221;22px&#8221; global_colors_info=&#8221;{}&#8221;][\/et_pb_blurb][\/et_pb_column][et_pb_column type=&#8221;1_4&#8243; _builder_version=&#8221;4.16&#8243; global_colors_info=&#8221;{}&#8221;][et_pb_blurb title=&#8221;Vollzeit&#8221; use_icon=&#8221;on&#8221; font_icon=&#8221;&#x7d;||divi||400&#8243; icon_color=&#8221;#3c8ac9&#8243; icon_placement=&#8221;left&#8221; image_icon_width=&#8221;20px&#8221; _builder_version=&#8221;4.16&#8243; header_font=&#8221;Montserrat|300|||||||&#8221; header_text_color=&#8221;#3c8ac9&#8243; icon_font_size=&#8221;20px&#8221; global_colors_info=&#8221;{}&#8221;][\/et_pb_blurb][\/et_pb_column][et_pb_column type=&#8221;1_4&#8243; _builder_version=&#8221;4.16&#8243; global_colors_info=&#8221;{}&#8221;][et_pb_blurb title=&#8221;01. August 2021&#8243; use_icon=&#8221;on&#8221; font_icon=&#8221;&#x49;||divi||400&#8243; icon_color=&#8221;#3c8ac9&#8243; icon_placement=&#8221;left&#8221; image_icon_width=&#8221;20px&#8221; _builder_version=&#8221;4.16&#8243; header_font=&#8221;Montserrat|300|||||||&#8221; header_text_color=&#8221;#3c8ac9&#8243; icon_font_size=&#8221;20px&#8221; global_colors_info=&#8221;{}&#8221;][\/et_pb_blurb][\/et_pb_column][et_pb_column type=&#8221;1_4&#8243; _builder_version=&#8221;4.16&#8243; global_colors_info=&#8221;{}&#8221;][\/et_pb_column][\/et_pb_row][et_pb_row _builder_version=&#8221;4.16&#8243; global_colors_info=&#8221;{}&#8221;][et_pb_column type=&#8221;4_4&#8243; _builder_version=&#8221;4.16&#8243; global_colors_info=&#8221;{}&#8221;][et_pb_text _builder_version=&#8221;4.16&#8243; text_font=&#8221;Montserrat|300|||||||&#8221; text_font_size=&#8221;16px&#8221; text_line_height=&#8221;1.8em&#8221; header_font=&#8221;||||||||&#8221; custom_margin=&#8221;1px||1px|||&#8221; custom_padding=&#8221;||0px|||&#8221; animation_style=&#8221;slide&#8221; animation_direction=&#8221;top&#8221; animation_intensity_slide=&#8221;10%&#8221; locked=&#8221;off&#8221; global_colors_info=&#8221;{}&#8221;]<\/p>\n<p>Die RTSB Gruppe ist ein f\u00fchrender intermodaler Operator entlang der <em>One Belt One Road<\/em>-Route mit \u00fcber 20 Jahren Erfahrung im Transportbereich. Unser erfahrenes Team, umfangreiches Netzwerk, flexible Logistikl\u00f6sungen und einzigartiges webbasiertes System <em>MyTransOffice <\/em>haben die RTSB Gruppe stetig aufgebaut. Wir sind ein wachsendes Unternehmen, das 18 Filialen in 13 L\u00e4ndern entlang des eurasischen Korridors betreibt. Unsere Dienstleistungen umfassen: Blockzugbetrieb, Spedition, kundenindividuelle Logistikprojekte, Lastwagentransport und IT-L\u00f6sungen im Logistikbereich.<\/p>\n<p>Du hast Lust auf neue Herausforderungen? Du willst dich weiterentwickeln und praktische Erfahrungen bei einem weltweit f\u00fchrenden Logistik Unternehmen sammeln?<\/p>\n<p>Dann freuen wir uns auf Deine Bewerbung als:<\/p>\n<p>&nbsp;<\/p>\n<p><strong>Auszubildende\/n zur\/zum\u00a0Kauffrau \/-mann f\u00fcr B\u00fcromanagement (m\/w\/d) \u2013 Start zum 01. August 2021<\/strong><\/p>\n<p><strong><\/strong><\/p>\n<p><strong>Was Dich erwartet:<\/strong><\/p>\n<ul>\n<li>Du unterst\u00fctzt uns in den Bereichen B\u00fcrowirtschaft, allgemeine Verwaltung, Rechnungswesen oder Personalwirtschaft<\/li>\n<li>Du erlernst das kaufm\u00e4nnische Handwerkzeug sowie alle relevanten B\u00fcrot\u00e4tigkeiten<\/li>\n<li>Du begleitest Unternehmensprozesse im kaufm\u00e4nnischen Bereich und unterst\u00fctzt den Fachbereich bei der Abwicklung des Tagesgesch\u00e4fts<\/li>\n<li>Du unterst\u00fctzt uns sowohl bei der internen Kommunikation als auch bei der Korrespondenz mit unseren Kunden<\/li>\n<\/ul>\n<p>&nbsp;<\/p>\n<p><strong>Dein Profil:<\/strong><\/p>\n<ul>\n<li>Du hast Abitur oder Fachabitur mit guten Noten- insbesondere in Mathematik, Deutsch und Englisch<\/li>\n<li>Gute Deutsch- und Englischkenntnisse in Wort und Schrift<\/li>\n<li>Erste Erfahrung im Umgang mit MS-Office und Outlook<\/li>\n<li>Du bist motiviert, engagiert und besitzt zudem Teamf\u00e4higkeit und Eigeninitiative<\/li>\n<\/ul>\n<p>&nbsp;<\/p>\n<p><strong>RTSB bietet:<\/strong><\/p>\n<ul>\n<li>Eine praxisnahe und qualitativ hochwertige Ausbildung in motivierten Teams<\/li>\n<li>Vermittlung von fachlichen, sozialen und interkulturellen Kompetenzen<\/li>\n<li>Kosten\u00fcbernahme der Vorbereitungskurse f\u00fcr die IHK-Abschlusspr\u00fcfungen<\/li>\n<li>Gute \u00dcbernahmechancen mit Entwicklungsm\u00f6glichkeiten.<\/li>\n<li>Kostenlose Getr\u00e4nke sind bei uns selbstverst\u00e4ndlich<\/li>\n<li>Erfolge feiern wir gemeinsam auf Firmenevents<\/li>\n<\/ul>\n<p>&nbsp;<\/p>\n<p><strong>Klingt spannend? <\/strong><\/p>\n<p><span>Bitte sende uns Deine vollst\u00e4ndigen Bewerbungsunterlagen\u00a0 \u00fcber unser Kontaktformular auf der Karriere-Seite oder per E-Mail an:<\/span><\/p>\n<p><strong>Amanda Hofmann, RTSB GmbH<\/strong><\/p>\n<p>E-Mail:\u00a0<a href=\"mailto:career@rtsb.de\">career@rtsb.de<\/a><\/p>\n<p>Tel: +49 6172 \/ 59 08-67<\/p>\n<p>&nbsp;<\/p>\n<p>&nbsp;<\/p>\n<p>[\/et_pb_text][\/et_pb_column][\/et_pb_row][\/et_pb_section]<\/p>\n","protected":false},"excerpt":{"rendered":"<p>Auszubildende\/n\u00a0 zur\/zum Kauffrau\/ -mann f\u00fcr B\u00fcromanagement (w\/m\/d) Die RTSB Gruppe ist ein f\u00fchrender intermodaler Operator entlang der One Belt One Road-Route mit \u00fcber 20 Jahren Erfahrung im Transportbereich. Unser erfahrenes Team, umfangreiches Netzwerk, flexible Logistikl\u00f6sungen und einzigartiges webbasiertes System MyTransOffice haben die RTSB Gruppe stetig aufgebaut. Wir sind ein wachsendes Unternehmen, das 18 Filialen in [&hellip;]<\/p>\n","protected":false},"author":2,"featured_media":0,"parent":0,"menu_order":0,"comment_status":"closed","ping_status":"closed","template":"","meta":{"_et_pb_use_builder":"on","_et_pb_old_content":"","_et_gb_content_width":"","footnotes":""},"class_list":["post-5814","page","type-page","status-publish","hentry"],"yoast_head":"<!-- This site is optimized with the Yoast SEO Premium plugin v27.2 (Yoast SEO v27.2) - https:\/\/yoast.com\/product\/yoast-seo-premium-wordpress\/ -->\n<title>RTSB Group I Auszubildende Kaufmann\/ Kauffrau f\u00fcr B\u00fcromanagement<\/title>\n<meta name=\"description\" content=\"Auszubildende zum Kaufmann\/ Kauffrau (m\/w\/d) f\u00fcr B\u00fcromanagement zum n\u00e4chstm\u00f6glichen Starttermin gesucht. Jetzt online bewerben und durchstarten.\" \/>\n<meta name=\"robots\" content=\"index, follow, max-snippet:-1, max-image-preview:large, max-video-preview:-1\" \/>\n<link rel=\"canonical\" href=\"https:\/\/rtsb.group\/de\/job-auszubildende-r-kauffrau-mann-fur-buromanagement-w-m-d\/\" \/>\n<meta property=\"og:locale\" content=\"de_DE\" \/>\n<meta property=\"og:type\" content=\"article\" \/>\n<meta property=\"og:title\" content=\"JOB Auszubildende\/-r Kauffrau \/-mann f\u00fcr B\u00fcromanagement (w\/m\/d)\" \/>\n<meta property=\"og:description\" content=\"Auszubildende zum Kaufmann\/ Kauffrau (m\/w\/d) f\u00fcr B\u00fcromanagement zum n\u00e4chstm\u00f6glichen Starttermin gesucht. Jetzt online bewerben und durchstarten.\" \/>\n<meta property=\"og:url\" content=\"https:\/\/rtsb.group\/de\/job-auszubildende-r-kauffrau-mann-fur-buromanagement-w-m-d\/\" \/>\n<meta property=\"og:site_name\" content=\"RTSB Group\" \/>\n<meta property=\"article:modified_time\" content=\"2024-01-17T12:08:42+00:00\" \/>\n<meta property=\"og:image\" content=\"https:\/\/mlitppkqegoh.i.optimole.com\/cb:jeLg~747d\/w:auto\/h:auto\/q:mauto\/g:sm\/f:best\/ig:avif\/https:\/\/rtsb.group\/wp-content\/uploads\/2019\/11\/R_Group_black-e1594378205704.png\" \/>\n\t<meta property=\"og:image:width\" content=\"58\" \/>\n\t<meta property=\"og:image:height\" content=\"56\" \/>\n\t<meta property=\"og:image:type\" content=\"image\/png\" \/>\n<meta name=\"twitter:label1\" content=\"Gesch\u00e4tzte Lesezeit\" \/>\n\t<meta name=\"twitter:data1\" content=\"3\u00a0Minuten\" \/>\n<script type=\"application\/ld+json\" class=\"yoast-schema-graph\">{\"@context\":\"https:\/\/schema.org\",\"@graph\":[{\"@type\":\"WebPage\",\"@id\":\"https:\/\/rtsb.group\/job-auszubildende-r-kauffrau-mann-fur-buromanagement-w-m-d\/\",\"url\":\"https:\/\/rtsb.group\/job-auszubildende-r-kauffrau-mann-fur-buromanagement-w-m-d\/\",\"name\":\"RTSB Group I Auszubildende Kaufmann\/ Kauffrau f\u00fcr B\u00fcromanagement\",\"isPartOf\":{\"@id\":\"https:\/\/rtsb.group\/#website\"},\"datePublished\":\"2020-02-24T09:43:30+00:00\",\"dateModified\":\"2024-01-17T12:08:42+00:00\",\"description\":\"Auszubildende zum Kaufmann\/ Kauffrau (m\/w\/d) f\u00fcr B\u00fcromanagement zum n\u00e4chstm\u00f6glichen Starttermin gesucht. Jetzt online bewerben und durchstarten.\",\"breadcrumb\":{\"@id\":\"https:\/\/rtsb.group\/job-auszubildende-r-kauffrau-mann-fur-buromanagement-w-m-d\/#breadcrumb\"},\"inLanguage\":\"de\",\"potentialAction\":[{\"@type\":\"ReadAction\",\"target\":[\"https:\/\/rtsb.group\/job-auszubildende-r-kauffrau-mann-fur-buromanagement-w-m-d\/\"]}]},{\"@type\":\"BreadcrumbList\",\"@id\":\"https:\/\/rtsb.group\/job-auszubildende-r-kauffrau-mann-fur-buromanagement-w-m-d\/#breadcrumb\",\"itemListElement\":[{\"@type\":\"ListItem\",\"position\":1,\"name\":\"Home\",\"item\":\"https:\/\/rtsb.group\/\"},{\"@type\":\"ListItem\",\"position\":2,\"name\":\"JOB Auszubildende\/-r Kauffrau \/-mann f\u00fcr B\u00fcromanagement (w\/m\/d)\"}]},{\"@type\":\"WebSite\",\"@id\":\"https:\/\/rtsb.group\/#website\",\"url\":\"https:\/\/rtsb.group\/\",\"name\":\"RTSB Group\",\"description\":\"Your Rail Link Between Europe and Asia\",\"publisher\":{\"@id\":\"https:\/\/rtsb.group\/#organization\"},\"alternateName\":\"RTSB\",\"potentialAction\":[{\"@type\":\"SearchAction\",\"target\":{\"@type\":\"EntryPoint\",\"urlTemplate\":\"https:\/\/rtsb.group\/?s={search_term_string}\"},\"query-input\":{\"@type\":\"PropertyValueSpecification\",\"valueRequired\":true,\"valueName\":\"search_term_string\"}}],\"inLanguage\":\"de\"},{\"@type\":[\"Organization\",\"Place\"],\"@id\":\"https:\/\/rtsb.group\/#organization\",\"name\":\"RTSB GmbH Rail Transportation Service Broker\",\"alternateName\":\"RTSB\",\"url\":\"https:\/\/rtsb.group\/\",\"logo\":{\"@id\":\"https:\/\/rtsb.group\/job-auszubildende-r-kauffrau-mann-fur-buromanagement-w-m-d\/#local-main-organization-logo\"},\"image\":{\"@id\":\"https:\/\/rtsb.group\/job-auszubildende-r-kauffrau-mann-fur-buromanagement-w-m-d\/#local-main-organization-logo\"},\"sameAs\":[\"https:\/\/www.linkedin.com\/company\/rtsb-gmbh\/\"],\"description\":\"RTSB Group\u2019s operational footprint is designed with purpose: to support seamless intermodal connectivity across Europe, Central Asia, and China. With a network of offices, terminals, partner depots, and customs points strategically distributed along key trade corridors, we ensure that every shipment benefits from proximity, efficiency, and local expertise. The family business started out as a freight forwarder between Europe and the CIS and grew to become a global player in rail freight transportation, with locations in 15 countries an a turnover of 800 Million USD in 2024.\",\"legalName\":\"RTSB GmbH Rail Transportation Service Broker\",\"numberOfEmployees\":{\"@type\":\"QuantitativeValue\",\"minValue\":\"201\",\"maxValue\":\"500\"},\"address\":{\"@id\":\"https:\/\/rtsb.group\/job-auszubildende-r-kauffrau-mann-fur-buromanagement-w-m-d\/#local-main-place-address\"},\"telephone\":[\"+49617259080\"],\"contactPoint\":{\"@type\":\"ContactPoint\",\"telephone\":\"49617259080\",\"email\":\"sales@rtsb.de\"},\"openingHoursSpecification\":[{\"@type\":\"OpeningHoursSpecification\",\"dayOfWeek\":[\"Monday\",\"Tuesday\",\"Wednesday\",\"Thursday\",\"Friday\",\"Saturday\",\"Sunday\"],\"opens\":\"09:00\",\"closes\":\"17:00\"}],\"email\":\"info@rtsb.de\",\"areaServed\":\"worldwide\",\"vatID\":\"DE191151613\",\"taxID\":\"003 242 88102\"},{\"@type\":\"PostalAddress\",\"@id\":\"https:\/\/rtsb.group\/job-auszubildende-r-kauffrau-mann-fur-buromanagement-w-m-d\/#local-main-place-address\",\"streetAddress\":\"Industriestr. 24\",\"addressLocality\":\"Friedrichsdorf\",\"postalCode\":\"61381\",\"addressRegion\":\"Hessen\",\"addressCountry\":\"DE\"},{\"@type\":\"ImageObject\",\"inLanguage\":\"de\",\"@id\":\"https:\/\/rtsb.group\/job-auszubildende-r-kauffrau-mann-fur-buromanagement-w-m-d\/#local-main-organization-logo\",\"url\":\"https:\/\/mlitppkqegoh.i.optimole.com\/cb:jeLg~747d\/w:auto\/h:auto\/q:mauto\/g:sm\/f:best\/ig:avif\/https:\/\/rtsb.group\/wp-content\/uploads\/2025\/07\/R_Group_black.png\",\"contentUrl\":\"https:\/\/mlitppkqegoh.i.optimole.com\/cb:jeLg~747d\/w:auto\/h:auto\/q:mauto\/g:sm\/f:best\/ig:avif\/https:\/\/rtsb.group\/wp-content\/uploads\/2025\/07\/R_Group_black.png\",\"width\":154,\"height\":148,\"caption\":\"RTSB GmbH Rail Transportation Service Broker\"}]}<\/script>\n<meta name=\"geo.placename\" content=\"Friedrichsdorf\" \/>\n<meta name=\"geo.region\" content=\"Deutschland\" \/>\n<!-- \/ Yoast SEO Premium plugin. -->","yoast_head_json":{"title":"RTSB Group I Auszubildende Kaufmann\/ Kauffrau f\u00fcr B\u00fcromanagement","description":"Auszubildende zum Kaufmann\/ Kauffrau (m\/w\/d) f\u00fcr B\u00fcromanagement zum n\u00e4chstm\u00f6glichen Starttermin gesucht. Jetzt online bewerben und durchstarten.","robots":{"index":"index","follow":"follow","max-snippet":"max-snippet:-1","max-image-preview":"max-image-preview:large","max-video-preview":"max-video-preview:-1"},"canonical":"https:\/\/rtsb.group\/de\/job-auszubildende-r-kauffrau-mann-fur-buromanagement-w-m-d\/","og_locale":"de_DE","og_type":"article","og_title":"JOB Auszubildende\/-r Kauffrau \/-mann f\u00fcr B\u00fcromanagement (w\/m\/d)","og_description":"Auszubildende zum Kaufmann\/ Kauffrau (m\/w\/d) f\u00fcr B\u00fcromanagement zum n\u00e4chstm\u00f6glichen Starttermin gesucht. Jetzt online bewerben und durchstarten.","og_url":"https:\/\/rtsb.group\/de\/job-auszubildende-r-kauffrau-mann-fur-buromanagement-w-m-d\/","og_site_name":"RTSB Group","article_modified_time":"2024-01-17T12:08:42+00:00","og_image":[{"width":58,"height":56,"url":"https:\/\/mlitppkqegoh.i.optimole.com\/cb:jeLg~747d\/w:auto\/h:auto\/q:mauto\/g:sm\/f:best\/ig:avif\/https:\/\/rtsb.group\/wp-content\/uploads\/2019\/11\/R_Group_black-e1594378205704.png","type":"image\/png"}],"twitter_misc":{"Gesch\u00e4tzte Lesezeit":"3\u00a0Minuten"},"schema":{"@context":"https:\/\/schema.org","@graph":[{"@type":"WebPage","@id":"https:\/\/rtsb.group\/job-auszubildende-r-kauffrau-mann-fur-buromanagement-w-m-d\/","url":"https:\/\/rtsb.group\/job-auszubildende-r-kauffrau-mann-fur-buromanagement-w-m-d\/","name":"RTSB Group I Auszubildende Kaufmann\/ Kauffrau f\u00fcr B\u00fcromanagement","isPartOf":{"@id":"https:\/\/rtsb.group\/#website"},"datePublished":"2020-02-24T09:43:30+00:00","dateModified":"2024-01-17T12:08:42+00:00","description":"Auszubildende zum Kaufmann\/ Kauffrau (m\/w\/d) f\u00fcr B\u00fcromanagement zum n\u00e4chstm\u00f6glichen Starttermin gesucht. Jetzt online bewerben und durchstarten.","breadcrumb":{"@id":"https:\/\/rtsb.group\/job-auszubildende-r-kauffrau-mann-fur-buromanagement-w-m-d\/#breadcrumb"},"inLanguage":"de","potentialAction":[{"@type":"ReadAction","target":["https:\/\/rtsb.group\/job-auszubildende-r-kauffrau-mann-fur-buromanagement-w-m-d\/"]}]},{"@type":"BreadcrumbList","@id":"https:\/\/rtsb.group\/job-auszubildende-r-kauffrau-mann-fur-buromanagement-w-m-d\/#breadcrumb","itemListElement":[{"@type":"ListItem","position":1,"name":"Home","item":"https:\/\/rtsb.group\/"},{"@type":"ListItem","position":2,"name":"JOB Auszubildende\/-r Kauffrau \/-mann f\u00fcr B\u00fcromanagement (w\/m\/d)"}]},{"@type":"WebSite","@id":"https:\/\/rtsb.group\/#website","url":"https:\/\/rtsb.group\/","name":"RTSB Group","description":"Your Rail Link Between Europe and Asia","publisher":{"@id":"https:\/\/rtsb.group\/#organization"},"alternateName":"RTSB","potentialAction":[{"@type":"SearchAction","target":{"@type":"EntryPoint","urlTemplate":"https:\/\/rtsb.group\/?s={search_term_string}"},"query-input":{"@type":"PropertyValueSpecification","valueRequired":true,"valueName":"search_term_string"}}],"inLanguage":"de"},{"@type":["Organization","Place"],"@id":"https:\/\/rtsb.group\/#organization","name":"RTSB GmbH Rail Transportation Service Broker","alternateName":"RTSB","url":"https:\/\/rtsb.group\/","logo":{"@id":"https:\/\/rtsb.group\/job-auszubildende-r-kauffrau-mann-fur-buromanagement-w-m-d\/#local-main-organization-logo"},"image":{"@id":"https:\/\/rtsb.group\/job-auszubildende-r-kauffrau-mann-fur-buromanagement-w-m-d\/#local-main-organization-logo"},"sameAs":["https:\/\/www.linkedin.com\/company\/rtsb-gmbh\/"],"description":"RTSB Group\u2019s operational footprint is designed with purpose: to support seamless intermodal connectivity across Europe, Central Asia, and China. With a network of offices, terminals, partner depots, and customs points strategically distributed along key trade corridors, we ensure that every shipment benefits from proximity, efficiency, and local expertise. The family business started out as a freight forwarder between Europe and the CIS and grew to become a global player in rail freight transportation, with locations in 15 countries an a turnover of 800 Million USD in 2024.","legalName":"RTSB GmbH Rail Transportation Service Broker","numberOfEmployees":{"@type":"QuantitativeValue","minValue":"201","maxValue":"500"},"address":{"@id":"https:\/\/rtsb.group\/job-auszubildende-r-kauffrau-mann-fur-buromanagement-w-m-d\/#local-main-place-address"},"telephone":["+49617259080"],"contactPoint":{"@type":"ContactPoint","telephone":"49617259080","email":"sales@rtsb.de"},"openingHoursSpecification":[{"@type":"OpeningHoursSpecification","dayOfWeek":["Monday","Tuesday","Wednesday","Thursday","Friday","Saturday","Sunday"],"opens":"09:00","closes":"17:00"}],"email":"info@rtsb.de","areaServed":"worldwide","vatID":"DE191151613","taxID":"003 242 88102"},{"@type":"PostalAddress","@id":"https:\/\/rtsb.group\/job-auszubildende-r-kauffrau-mann-fur-buromanagement-w-m-d\/#local-main-place-address","streetAddress":"Industriestr. 24","addressLocality":"Friedrichsdorf","postalCode":"61381","addressRegion":"Hessen","addressCountry":"DE"},{"@type":"ImageObject","inLanguage":"de","@id":"https:\/\/rtsb.group\/job-auszubildende-r-kauffrau-mann-fur-buromanagement-w-m-d\/#local-main-organization-logo","url":"https:\/\/mlitppkqegoh.i.optimole.com\/cb:jeLg~747d\/w:auto\/h:auto\/q:mauto\/g:sm\/f:best\/ig:avif\/https:\/\/rtsb.group\/wp-content\/uploads\/2025\/07\/R_Group_black.png","contentUrl":"https:\/\/mlitppkqegoh.i.optimole.com\/cb:jeLg~747d\/w:auto\/h:auto\/q:mauto\/g:sm\/f:best\/ig:avif\/https:\/\/rtsb.group\/wp-content\/uploads\/2025\/07\/R_Group_black.png","width":154,"height":148,"caption":"RTSB GmbH Rail Transportation Service Broker"}]},"geo.placename":"Friedrichsdorf","geo.region":"Deutschland"},"amp_enabled":true,"_links":{"self":[{"href":"https:\/\/rtsb.group\/de\/wp-json\/wp\/v2\/pages\/5814","targetHints":{"allow":["GET"]}}],"collection":[{"href":"https:\/\/rtsb.group\/de\/wp-json\/wp\/v2\/pages"}],"about":[{"href":"https:\/\/rtsb.group\/de\/wp-json\/wp\/v2\/types\/page"}],"author":[{"embeddable":true,"href":"https:\/\/rtsb.group\/de\/wp-json\/wp\/v2\/users\/2"}],"replies":[{"embeddable":true,"href":"https:\/\/rtsb.group\/de\/wp-json\/wp\/v2\/comments?post=5814"}],"version-history":[{"count":0,"href":"https:\/\/rtsb.group\/de\/wp-json\/wp\/v2\/pages\/5814\/revisions"}],"wp:attachment":[{"href":"https:\/\/rtsb.group\/de\/wp-json\/wp\/v2\/media?parent=5814"}],"curies":[{"name":"wp","href":"https:\/\/api.w.org\/{rel}","templated":true}]}}