{"id":4630,"date":"2019-12-06T08:18:35","date_gmt":"2019-12-06T08:18:35","guid":{"rendered":"http:\/\/rtsb.transoffice-service.de\/?page_id=4630"},"modified":"2024-01-17T12:10:12","modified_gmt":"2024-01-17T12:10:12","slug":"job-disponent","status":"publish","type":"page","link":"https:\/\/rtsb.group\/ru\/job-disponent\/","title":{"rendered":"JOB Disponent"},"content":{"rendered":"<p>[et_pb_section fb_built=&#8221;1&#8243; _builder_version=&#8221;4.16&#8243; custom_padding=&#8221;110px||110px||true|&#8221; global_colors_info=&#8221;{}&#8221;][et_pb_row _builder_version=&#8221;4.16&#8243; custom_padding=&#8221;||0px|||&#8221; global_colors_info=&#8221;{}&#8221;][et_pb_column type=&#8221;4_4&#8243; _builder_version=&#8221;4.16&#8243; global_colors_info=&#8221;{}&#8221;][et_pb_text _builder_version=&#8221;4.16&#8243; text_font=&#8221;Montserrat|600|||||||&#8221; text_font_size=&#8221;30px&#8221; text_line_height=&#8221;1.8em&#8221; header_font=&#8221;|600|||||||&#8221; header_text_color=&#8221;#686868&#8243; header_line_height=&#8221;3em&#8221; custom_margin=&#8221;1px||1px|||&#8221; custom_padding=&#8221;||0px|||&#8221; animation_style=&#8221;slide&#8221; animation_direction=&#8221;top&#8221; animation_intensity_slide=&#8221;10%&#8221; locked=&#8221;off&#8221; global_colors_info=&#8221;{}&#8221;]<\/p>\n<h1 style=\"text-align: left;\">Kaufmann f\u00fcr Spedition und Logistikdienstleistung (m\/w\/d)<\/h1>\n<p><strong><\/strong><\/p>\n<p>[\/et_pb_text][\/et_pb_column][\/et_pb_row][et_pb_row column_structure=&#8221;1_4,1_4,1_4,1_4&#8243; _builder_version=&#8221;4.16&#8243; custom_margin=&#8221;-28px|auto||auto||&#8221; animation_style=&#8221;slide&#8221; animation_intensity_slide=&#8221;21%&#8221; global_colors_info=&#8221;{}&#8221;][et_pb_column type=&#8221;1_4&#8243; _builder_version=&#8221;4.16&#8243; global_colors_info=&#8221;{}&#8221;][et_pb_blurb title=&#8221;Friedrichsdorf&#8221; use_icon=&#8221;on&#8221; font_icon=&#8221;&#xe01e;||divi||400&#8243; icon_color=&#8221;#3c8ac9&#8243; icon_placement=&#8221;left&#8221; image_icon_width=&#8221;22px&#8221; _builder_version=&#8221;4.16&#8243; header_level=&#8221;h2&#8243; header_font=&#8221;|300|||||||&#8221; header_text_color=&#8221;#3c8ac9&#8243; header_font_size=&#8221;18px&#8221; icon_font_size=&#8221;22px&#8221; global_colors_info=&#8221;{}&#8221;][\/et_pb_blurb][\/et_pb_column][et_pb_column type=&#8221;1_4&#8243; _builder_version=&#8221;4.16&#8243; global_colors_info=&#8221;{}&#8221;][et_pb_blurb title=&#8221;Vollzeit&#8221; use_icon=&#8221;on&#8221; font_icon=&#8221;&#x7d;||divi||400&#8243; icon_color=&#8221;#3c8ac9&#8243; icon_placement=&#8221;left&#8221; image_icon_width=&#8221;20px&#8221; _builder_version=&#8221;4.16&#8243; header_level=&#8221;h2&#8243; header_font=&#8221;|300|||||||&#8221; header_text_color=&#8221;#3c8ac9&#8243; header_font_size=&#8221;18px&#8221; icon_font_size=&#8221;20px&#8221; global_colors_info=&#8221;{}&#8221;][\/et_pb_blurb][\/et_pb_column][et_pb_column type=&#8221;1_4&#8243; _builder_version=&#8221;4.16&#8243; global_colors_info=&#8221;{}&#8221;][et_pb_blurb title=&#8221;sofort&#8221; use_icon=&#8221;on&#8221; font_icon=&#8221;&#x49;||divi||400&#8243; icon_color=&#8221;#3c8ac9&#8243; icon_placement=&#8221;left&#8221; image_icon_width=&#8221;20px&#8221; _builder_version=&#8221;4.16&#8243; header_level=&#8221;h2&#8243; header_font=&#8221;|300|||||||&#8221; header_text_color=&#8221;#3c8ac9&#8243; header_font_size=&#8221;18px&#8221; icon_font_size=&#8221;20px&#8221; global_colors_info=&#8221;{}&#8221;][\/et_pb_blurb][\/et_pb_column][et_pb_column type=&#8221;1_4&#8243; _builder_version=&#8221;4.16&#8243; global_colors_info=&#8221;{}&#8221;][\/et_pb_column][\/et_pb_row][et_pb_row _builder_version=&#8221;4.16&#8243; global_colors_info=&#8221;{}&#8221;][et_pb_column type=&#8221;4_4&#8243; _builder_version=&#8221;4.16&#8243; global_colors_info=&#8221;{}&#8221;][et_pb_text _builder_version=&#8221;4.16&#8243; text_font=&#8221;Montserrat|300|||||||&#8221; text_font_size=&#8221;16px&#8221; text_line_height=&#8221;1.8em&#8221; header_font=&#8221;||||||||&#8221; header_3_text_color=&#8221;#686868&#8243; header_3_font_size=&#8221;18px&#8221; header_3_line_height=&#8221;1.3em&#8221; custom_margin=&#8221;1px||1px|||&#8221; custom_padding=&#8221;||0px|||&#8221; animation_style=&#8221;slide&#8221; animation_direction=&#8221;top&#8221; animation_intensity_slide=&#8221;10%&#8221; locked=&#8221;off&#8221; global_colors_info=&#8221;{}&#8221;]<\/p>\n<p>Bei uns k\u00f6nnen Sie etwas bewegen: wir bringen G\u00fcter auf die Schiene. Mit innovativen Logistikdienstleistungen zwischen China und Europa sind wir zu einem f\u00fchrenden Transportunternehmen in den Bereichen Containerdisposition und Blockzugbetrieb gewachsen. So bringen wir Sendungen intermodal, per Bahn in nur 10-14 Tagen an ihren Bestimmungsort entlang der Neuen Seidenstra\u00dfe. Egal ob Speditionsexpert*in, Organisationsgenie oder Zahlenspezialist*in, werden Sie Teil unseres internationalen Teams, das an 20 Standorten weltweit aktiv ist und bestimmen Sie mit uns die Zukunft der Bahnlogistik.<span class=\"Apple-converted-space\">\u00a0<\/span><\/p>\n<p>Sie begeistern sich f\u00fcr die Logistik und behalten auch in stressigen Phasen stets den \u00dcberblick? Dann werden Sie ein Teil unseres Teams, denn zur Verst\u00e4rkung unserer Disposition suchen wir <b>ab sofort <\/b>einen motivierten Kaufmann f\u00fcr Spedition und Logistikdienstleistung\u00a0(m\/w\/d) f\u00fcr unsere Zentrale in Friedrichsdorf. Sie \u00fcbernehmen Verantwortung f\u00fcr die fristgerechte und erfolgreiche Abwicklung von Kundenprojekten in unseren Zielregionen.<span class=\"Apple-converted-space\">\u00a0<\/span><\/p>\n<p>&nbsp;<\/p>\n<p>&nbsp;<\/p>\n<p><span><span class=\"Apple-converted-space\">\u00a0<\/span><\/span><b>Zu Ihren Aufgaben z\u00e4hlen u.a. folgende Bereiche:<span class=\"Apple-converted-space\">\u00a0<\/span><\/b><\/p>\n<ul>\n<li>Organisation von multimodalen Transporten im europ\u00e4ischen Raum in Abstimmung mit unserem Team als Teil einer internationalen Transportkette.<span class=\"Apple-converted-space\">\u00a0<\/span><\/li>\n<li>Kundenservice (haupts\u00e4chlich im Bereich Auftragsabwicklung).<span class=\"Apple-converted-space\">\u00a0<\/span><\/li>\n<li>Weiterentwicklung von Kundenl\u00f6sungen durch die kontinuierliche Verbesserung bestehender Prozesse.<span class=\"Apple-converted-space\">\u00a0<\/span><\/li>\n<li>Optimale Zusammenstellung von Logistikl\u00f6sungen innerhalb der Transportketten unserer Kunden.<span class=\"Apple-converted-space\">\u00a0<\/span><\/li>\n<li>Beauftragung der Erstellung von Export- und Importdokumenten inkl. Bereitstellung ben\u00f6tigter Unterlagen.<span class=\"Apple-converted-space\">\u00a0<\/span><\/li>\n<li>\u00dcberwachung von Zollvorg\u00e4ngen.<span class=\"Apple-converted-space\">\u00a0<\/span><\/li>\n<li>Lieferantenmanagement sowie Einkauf von Dienstleistungen.<span class=\"Apple-converted-space\">\u00a0<\/span><\/li>\n<\/ul>\n<p>&nbsp;<\/p>\n<p><b>Ihr Profil<span class=\"Apple-converted-space\">\u00a0<\/span><\/b><\/p>\n<ul>\n<li>Sie haben eine Ausbildung als Speditionskaufmann*frau (oder vergleichbar) erfolgreich abgeschlossen und\/oder erste Erfahrungen im Bereich Logistik gesammelt.<span class=\"Apple-converted-space\">\u00a0<\/span><\/li>\n<li>Sie beweisen Kommunikationsst\u00e4rke, Organisationsgeschick, Flexibilit\u00e4t und Lernbereitschaft.<span class=\"Apple-converted-space\">\u00a0<\/span><\/li>\n<li>Sie arbeiten ziel- und l\u00f6sungsorientiert, selbst\u00e4ndig, sorgf\u00e4ltig und zuverl\u00e4ssig.<span class=\"Apple-converted-space\">\u00a0<\/span><\/li>\n<li>Sie besitzen interkulturelle Kompetenz f\u00fcr den t\u00e4glichen Umgang mit unseren internationalen Kunden und Kollegen.<span class=\"Apple-converted-space\">\u00a0<\/span><\/li>\n<li>Sie weisen fundierte MS-Office Kenntnisse vor.<span class=\"Apple-converted-space\">\u00a0<\/span><\/li>\n<li>Sie besitzen verhandlungssichere Sprachkenntnisse in Deutsch und Englisch, gerne auch Russischkenntnisse.<span class=\"Apple-converted-space\">\u00a0<\/span><\/li>\n<\/ul>\n<p>&nbsp;<\/p>\n<p><b>Wir bieten Ihnen<span class=\"Apple-converted-space\">\u00a0<\/span><\/b><\/p>\n<ul>\n<li>Eine vielseitige T\u00e4tigkeit mit viel Verantwortung in einem international t\u00e4tigen, dynamischen Unternehmen.<span class=\"Apple-converted-space\">\u00a0<\/span><\/li>\n<li>Festanstellung mit unbefristetem Vertrag und guten Aufstiegschancen.<span class=\"Apple-converted-space\">\u00a0<\/span><\/li>\n<li>Attraktive Entlohnung sowie Sonderzahlungen (Urlaubs- und Weihnachtsgeld).<span class=\"Apple-converted-space\">\u00a0<\/span><\/li>\n<li>Vielf\u00e4ltige Fort- und Weiterbildungsm\u00f6glichkeiten.<span class=\"Apple-converted-space\">\u00a0<\/span><\/li>\n<li>Kostenloses Job-Ticket. Unser B\u00fcro liegt 3 min. vom Bahnhof in Friedrichsdorf entfernt und ist mit \u00f6ffentlichen Verkehrsmitteln hervorragend zu erreichen.<span class=\"Apple-converted-space\">\u00a0<\/span><\/li>\n<li>Kostenloser Getr\u00e4nke (Kaffee, Tee, Wasser und S\u00e4fte) sind bei uns selbstverst\u00e4ndlich.<span class=\"Apple-converted-space\">\u00a0<\/span><\/li>\n<li>Regelm\u00e4\u00dfige, gemeinsame Team-Events und Firmenfeiern.<span class=\"Apple-converted-space\">\u00a0<\/span><\/li>\n<\/ul>\n<p>&nbsp;<\/p>\n<p><strong>Das passt zu Ihnen? So bewerben Sie sich:<\/strong><\/p>\n<p>Bitte bewerben Sie sich \u00fcber unser Bewerbungsformular oder richten Sie Ihre aussagekr\u00e4ftige Bewerbung an:<\/p>\n<p><strong>Amanda Hofmann, RTSB GmbH<\/strong><\/p>\n<p>E-Mail:\u00a0<a href=\"mailto:career@rtsb.de\">career@rtsb.de<\/a><\/p>\n<p>Tel: +49 6172 \/ 59 08-67<\/p>\n<p>&nbsp;<\/p>\n<p>[\/et_pb_text][et_pb_code _builder_version=&#8221;4.16&#8243; _module_preset=&#8221;default&#8221; custom_padding=&#8221;50px|||||&#8221; global_colors_info=&#8221;{}&#8221;][caldera_form id=&#8221;CF5e4e86a28aed7&#8243;][\/et_pb_code][\/et_pb_column][\/et_pb_row][\/et_pb_section]<\/p>\n","protected":false},"excerpt":{"rendered":"<p>Kaufmann f\u00fcr Spedition und Logistikdienstleistung (m\/w\/d) Bei uns k\u00f6nnen Sie etwas bewegen: wir bringen G\u00fcter auf die Schiene. Mit innovativen Logistikdienstleistungen zwischen China und Europa sind wir zu einem f\u00fchrenden Transportunternehmen in den Bereichen Containerdisposition und Blockzugbetrieb gewachsen. So bringen wir Sendungen intermodal, per Bahn in nur 10-14 Tagen an ihren Bestimmungsort entlang der Neuen [&hellip;]<\/p>\n","protected":false},"author":2,"featured_media":0,"parent":0,"menu_order":0,"comment_status":"closed","ping_status":"closed","template":"","meta":{"_et_pb_use_builder":"on","_et_pb_old_content":"","_et_gb_content_width":"","footnotes":""},"class_list":["post-4630","page","type-page","status-publish","hentry"],"yoast_head":"<!-- This site is optimized with the Yoast SEO Premium plugin v27.2 (Yoast SEO v27.2) - https:\/\/yoast.com\/product\/yoast-seo-premium-wordpress\/ -->\n<title>RTSB Karriere I Jobangebot: wir suchen Sie als Disponent \/in.<\/title>\n<meta name=\"description\" content=\"Werde teil des RTSB Teams. Wir suchen Kaufleute f\u00fcr Spedition und Logistik (Disponent \/in) ab sofort. Hier geht&#039;s zum Jobangebot. Jetzt bewerben.\" \/>\n<meta name=\"robots\" content=\"index, follow, max-snippet:-1, max-image-preview:large, max-video-preview:-1\" \/>\n<link rel=\"canonical\" href=\"https:\/\/rtsb.group\/ru\/job-disponent\/\" \/>\n<meta property=\"og:locale\" content=\"ru_RU\" \/>\n<meta property=\"og:type\" content=\"article\" \/>\n<meta property=\"og:title\" content=\"JOB Disponent\" \/>\n<meta property=\"og:description\" content=\"Werde teil des RTSB Teams. Wir suchen Kaufleute f\u00fcr Spedition und Logistik (Disponent \/in) ab sofort. Hier geht&#039;s zum Jobangebot. Jetzt bewerben.\" \/>\n<meta property=\"og:url\" content=\"https:\/\/rtsb.group\/ru\/job-disponent\/\" \/>\n<meta property=\"og:site_name\" content=\"RTSB Group\" \/>\n<meta property=\"article:modified_time\" content=\"2024-01-17T12:10:12+00:00\" \/>\n<meta property=\"og:image\" content=\"https:\/\/mlitppkqegoh.i.optimole.com\/cb:jeLg~747d\/w:auto\/h:auto\/q:mauto\/g:sm\/f:best\/ig:avif\/https:\/\/rtsb.group\/wp-content\/uploads\/2019\/11\/R_Group_black-e1594378205704.png\" \/>\n\t<meta property=\"og:image:width\" content=\"58\" \/>\n\t<meta property=\"og:image:height\" content=\"56\" \/>\n\t<meta property=\"og:image:type\" content=\"image\/png\" \/>\n<meta name=\"twitter:label1\" content=\"\u041f\u0440\u0438\u043c\u0435\u0440\u043d\u043e\u0435 \u0432\u0440\u0435\u043c\u044f \u0434\u043b\u044f \u0447\u0442\u0435\u043d\u0438\u044f\" \/>\n\t<meta name=\"twitter:data1\" content=\"4 \u043c\u0438\u043d\u0443\u0442\u044b\" \/>\n<script type=\"application\/ld+json\" class=\"yoast-schema-graph\">{\"@context\":\"https:\/\/schema.org\",\"@graph\":[{\"@type\":\"WebPage\",\"@id\":\"https:\/\/rtsb.group\/job-disponent\/\",\"url\":\"https:\/\/rtsb.group\/job-disponent\/\",\"name\":\"RTSB Karriere I Jobangebot: wir suchen Sie als Disponent \/in.\",\"isPartOf\":{\"@id\":\"https:\/\/rtsb.group\/#website\"},\"datePublished\":\"2019-12-06T08:18:35+00:00\",\"dateModified\":\"2024-01-17T12:10:12+00:00\",\"description\":\"Werde teil des RTSB Teams. Wir suchen Kaufleute f\u00fcr Spedition und Logistik (Disponent \/in) ab sofort. Hier geht's zum Jobangebot. Jetzt bewerben.\",\"breadcrumb\":{\"@id\":\"https:\/\/rtsb.group\/job-disponent\/#breadcrumb\"},\"inLanguage\":\"ru-RU\",\"potentialAction\":[{\"@type\":\"ReadAction\",\"target\":[\"https:\/\/rtsb.group\/job-disponent\/\"]}]},{\"@type\":\"BreadcrumbList\",\"@id\":\"https:\/\/rtsb.group\/job-disponent\/#breadcrumb\",\"itemListElement\":[{\"@type\":\"ListItem\",\"position\":1,\"name\":\"Home\",\"item\":\"https:\/\/rtsb.group\/\"},{\"@type\":\"ListItem\",\"position\":2,\"name\":\"JOB Disponent\"}]},{\"@type\":\"WebSite\",\"@id\":\"https:\/\/rtsb.group\/#website\",\"url\":\"https:\/\/rtsb.group\/\",\"name\":\"RTSB Group\",\"description\":\"Your Rail Link Between Europe and Asia\",\"publisher\":{\"@id\":\"https:\/\/rtsb.group\/#organization\"},\"alternateName\":\"RTSB\",\"potentialAction\":[{\"@type\":\"SearchAction\",\"target\":{\"@type\":\"EntryPoint\",\"urlTemplate\":\"https:\/\/rtsb.group\/?s={search_term_string}\"},\"query-input\":{\"@type\":\"PropertyValueSpecification\",\"valueRequired\":true,\"valueName\":\"search_term_string\"}}],\"inLanguage\":\"ru-RU\"},{\"@type\":[\"Organization\",\"Place\"],\"@id\":\"https:\/\/rtsb.group\/#organization\",\"name\":\"RTSB GmbH Rail Transportation Service Broker\",\"alternateName\":\"RTSB\",\"url\":\"https:\/\/rtsb.group\/\",\"logo\":{\"@id\":\"https:\/\/rtsb.group\/job-disponent\/#local-main-organization-logo\"},\"image\":{\"@id\":\"https:\/\/rtsb.group\/job-disponent\/#local-main-organization-logo\"},\"sameAs\":[\"https:\/\/www.linkedin.com\/company\/rtsb-gmbh\/\"],\"description\":\"RTSB Group\u2019s operational footprint is designed with purpose: to support seamless intermodal connectivity across Europe, Central Asia, and China. With a network of offices, terminals, partner depots, and customs points strategically distributed along key trade corridors, we ensure that every shipment benefits from proximity, efficiency, and local expertise. The family business started out as a freight forwarder between Europe and the CIS and grew to become a global player in rail freight transportation, with locations in 15 countries an a turnover of 800 Million USD in 2024.\",\"legalName\":\"RTSB GmbH Rail Transportation Service Broker\",\"numberOfEmployees\":{\"@type\":\"QuantitativeValue\",\"minValue\":\"201\",\"maxValue\":\"500\"},\"address\":{\"@id\":\"https:\/\/rtsb.group\/job-disponent\/#local-main-place-address\"},\"telephone\":[\"+49617259080\"],\"contactPoint\":{\"@type\":\"ContactPoint\",\"telephone\":\"49617259080\",\"email\":\"sales@rtsb.de\"},\"openingHoursSpecification\":[{\"@type\":\"OpeningHoursSpecification\",\"dayOfWeek\":[\"Monday\",\"Tuesday\",\"Wednesday\",\"Thursday\",\"Friday\",\"Saturday\",\"Sunday\"],\"opens\":\"09:00\",\"closes\":\"17:00\"}],\"email\":\"info@rtsb.de\",\"areaServed\":\"worldwide\",\"vatID\":\"DE191151613\",\"taxID\":\"003 242 88102\"},{\"@type\":\"PostalAddress\",\"@id\":\"https:\/\/rtsb.group\/job-disponent\/#local-main-place-address\",\"streetAddress\":\"Industriestr. 24\",\"addressLocality\":\"Friedrichsdorf\",\"postalCode\":\"61381\",\"addressRegion\":\"Hessen\",\"addressCountry\":\"DE\"},{\"@type\":\"ImageObject\",\"inLanguage\":\"ru-RU\",\"@id\":\"https:\/\/rtsb.group\/job-disponent\/#local-main-organization-logo\",\"url\":\"https:\/\/mlitppkqegoh.i.optimole.com\/cb:jeLg~747d\/w:auto\/h:auto\/q:mauto\/g:sm\/f:best\/ig:avif\/https:\/\/rtsb.group\/wp-content\/uploads\/2025\/07\/R_Group_black.png\",\"contentUrl\":\"https:\/\/mlitppkqegoh.i.optimole.com\/cb:jeLg~747d\/w:auto\/h:auto\/q:mauto\/g:sm\/f:best\/ig:avif\/https:\/\/rtsb.group\/wp-content\/uploads\/2025\/07\/R_Group_black.png\",\"width\":154,\"height\":148,\"caption\":\"RTSB GmbH Rail Transportation Service Broker\"}]}<\/script>\n<meta name=\"geo.placename\" content=\"Friedrichsdorf\" \/>\n<meta name=\"geo.region\" content=\"\u0413\u0435\u0440\u043c\u0430\u043d\u0438\u044f\" \/>\n<!-- \/ Yoast SEO Premium plugin. -->","yoast_head_json":{"title":"RTSB Karriere I Jobangebot: wir suchen Sie als Disponent \/in.","description":"Werde teil des RTSB Teams. Wir suchen Kaufleute f\u00fcr Spedition und Logistik (Disponent \/in) ab sofort. Hier geht's zum Jobangebot. Jetzt bewerben.","robots":{"index":"index","follow":"follow","max-snippet":"max-snippet:-1","max-image-preview":"max-image-preview:large","max-video-preview":"max-video-preview:-1"},"canonical":"https:\/\/rtsb.group\/ru\/job-disponent\/","og_locale":"ru_RU","og_type":"article","og_title":"JOB Disponent","og_description":"Werde teil des RTSB Teams. Wir suchen Kaufleute f\u00fcr Spedition und Logistik (Disponent \/in) ab sofort. Hier geht's zum Jobangebot. Jetzt bewerben.","og_url":"https:\/\/rtsb.group\/ru\/job-disponent\/","og_site_name":"RTSB Group","article_modified_time":"2024-01-17T12:10:12+00:00","og_image":[{"width":58,"height":56,"url":"https:\/\/mlitppkqegoh.i.optimole.com\/cb:jeLg~747d\/w:auto\/h:auto\/q:mauto\/g:sm\/f:best\/ig:avif\/https:\/\/rtsb.group\/wp-content\/uploads\/2019\/11\/R_Group_black-e1594378205704.png","type":"image\/png"}],"twitter_misc":{"\u041f\u0440\u0438\u043c\u0435\u0440\u043d\u043e\u0435 \u0432\u0440\u0435\u043c\u044f \u0434\u043b\u044f \u0447\u0442\u0435\u043d\u0438\u044f":"4 \u043c\u0438\u043d\u0443\u0442\u044b"},"schema":{"@context":"https:\/\/schema.org","@graph":[{"@type":"WebPage","@id":"https:\/\/rtsb.group\/job-disponent\/","url":"https:\/\/rtsb.group\/job-disponent\/","name":"RTSB Karriere I Jobangebot: wir suchen Sie als Disponent \/in.","isPartOf":{"@id":"https:\/\/rtsb.group\/#website"},"datePublished":"2019-12-06T08:18:35+00:00","dateModified":"2024-01-17T12:10:12+00:00","description":"Werde teil des RTSB Teams. Wir suchen Kaufleute f\u00fcr Spedition und Logistik (Disponent \/in) ab sofort. Hier geht's zum Jobangebot. Jetzt bewerben.","breadcrumb":{"@id":"https:\/\/rtsb.group\/job-disponent\/#breadcrumb"},"inLanguage":"ru-RU","potentialAction":[{"@type":"ReadAction","target":["https:\/\/rtsb.group\/job-disponent\/"]}]},{"@type":"BreadcrumbList","@id":"https:\/\/rtsb.group\/job-disponent\/#breadcrumb","itemListElement":[{"@type":"ListItem","position":1,"name":"Home","item":"https:\/\/rtsb.group\/"},{"@type":"ListItem","position":2,"name":"JOB Disponent"}]},{"@type":"WebSite","@id":"https:\/\/rtsb.group\/#website","url":"https:\/\/rtsb.group\/","name":"RTSB Group","description":"Your Rail Link Between Europe and Asia","publisher":{"@id":"https:\/\/rtsb.group\/#organization"},"alternateName":"RTSB","potentialAction":[{"@type":"SearchAction","target":{"@type":"EntryPoint","urlTemplate":"https:\/\/rtsb.group\/?s={search_term_string}"},"query-input":{"@type":"PropertyValueSpecification","valueRequired":true,"valueName":"search_term_string"}}],"inLanguage":"ru-RU"},{"@type":["Organization","Place"],"@id":"https:\/\/rtsb.group\/#organization","name":"RTSB GmbH Rail Transportation Service Broker","alternateName":"RTSB","url":"https:\/\/rtsb.group\/","logo":{"@id":"https:\/\/rtsb.group\/job-disponent\/#local-main-organization-logo"},"image":{"@id":"https:\/\/rtsb.group\/job-disponent\/#local-main-organization-logo"},"sameAs":["https:\/\/www.linkedin.com\/company\/rtsb-gmbh\/"],"description":"RTSB Group\u2019s operational footprint is designed with purpose: to support seamless intermodal connectivity across Europe, Central Asia, and China. With a network of offices, terminals, partner depots, and customs points strategically distributed along key trade corridors, we ensure that every shipment benefits from proximity, efficiency, and local expertise. The family business started out as a freight forwarder between Europe and the CIS and grew to become a global player in rail freight transportation, with locations in 15 countries an a turnover of 800 Million USD in 2024.","legalName":"RTSB GmbH Rail Transportation Service Broker","numberOfEmployees":{"@type":"QuantitativeValue","minValue":"201","maxValue":"500"},"address":{"@id":"https:\/\/rtsb.group\/job-disponent\/#local-main-place-address"},"telephone":["+49617259080"],"contactPoint":{"@type":"ContactPoint","telephone":"49617259080","email":"sales@rtsb.de"},"openingHoursSpecification":[{"@type":"OpeningHoursSpecification","dayOfWeek":["Monday","Tuesday","Wednesday","Thursday","Friday","Saturday","Sunday"],"opens":"09:00","closes":"17:00"}],"email":"info@rtsb.de","areaServed":"worldwide","vatID":"DE191151613","taxID":"003 242 88102"},{"@type":"PostalAddress","@id":"https:\/\/rtsb.group\/job-disponent\/#local-main-place-address","streetAddress":"Industriestr. 24","addressLocality":"Friedrichsdorf","postalCode":"61381","addressRegion":"Hessen","addressCountry":"DE"},{"@type":"ImageObject","inLanguage":"ru-RU","@id":"https:\/\/rtsb.group\/job-disponent\/#local-main-organization-logo","url":"https:\/\/mlitppkqegoh.i.optimole.com\/cb:jeLg~747d\/w:auto\/h:auto\/q:mauto\/g:sm\/f:best\/ig:avif\/https:\/\/rtsb.group\/wp-content\/uploads\/2025\/07\/R_Group_black.png","contentUrl":"https:\/\/mlitppkqegoh.i.optimole.com\/cb:jeLg~747d\/w:auto\/h:auto\/q:mauto\/g:sm\/f:best\/ig:avif\/https:\/\/rtsb.group\/wp-content\/uploads\/2025\/07\/R_Group_black.png","width":154,"height":148,"caption":"RTSB GmbH Rail Transportation Service Broker"}]},"geo.placename":"Friedrichsdorf","geo.region":"\u0413\u0435\u0440\u043c\u0430\u043d\u0438\u044f"},"amp_enabled":true,"_links":{"self":[{"href":"https:\/\/rtsb.group\/ru\/wp-json\/wp\/v2\/pages\/4630","targetHints":{"allow":["GET"]}}],"collection":[{"href":"https:\/\/rtsb.group\/ru\/wp-json\/wp\/v2\/pages"}],"about":[{"href":"https:\/\/rtsb.group\/ru\/wp-json\/wp\/v2\/types\/page"}],"author":[{"embeddable":true,"href":"https:\/\/rtsb.group\/ru\/wp-json\/wp\/v2\/users\/2"}],"replies":[{"embeddable":true,"href":"https:\/\/rtsb.group\/ru\/wp-json\/wp\/v2\/comments?post=4630"}],"version-history":[{"count":0,"href":"https:\/\/rtsb.group\/ru\/wp-json\/wp\/v2\/pages\/4630\/revisions"}],"wp:attachment":[{"href":"https:\/\/rtsb.group\/ru\/wp-json\/wp\/v2\/media?parent=4630"}],"curies":[{"name":"wp","href":"https:\/\/api.w.org\/{rel}","templated":true}]}}