{"id":235926,"date":"2021-01-19T08:59:25","date_gmt":"2021-01-19T08:59:25","guid":{"rendered":"https:\/\/rtsb.group\/?page_id=235926"},"modified":"2024-01-17T12:09:28","modified_gmt":"2024-01-17T12:09:28","slug":"job-bilanzbuchhalter-in","status":"publish","type":"page","link":"https:\/\/rtsb.group\/zh\/job-bilanzbuchhalter-in\/","title":{"rendered":"Job Bilanzbuchhalter-in"},"content":{"rendered":"<p>[et_pb_section fb_built=&#8221;1&#8243; _builder_version=&#8221;4.16&#8243; custom_padding=&#8221;412px||412px||true|&#8221; global_colors_info=&#8221;{}&#8221;][et_pb_row _builder_version=&#8221;4.16&#8243; custom_padding=&#8221;||0px|||&#8221; global_colors_info=&#8221;{}&#8221;][et_pb_column type=&#8221;4_4&#8243; _builder_version=&#8221;4.16&#8243; global_colors_info=&#8221;{}&#8221;][et_pb_text _builder_version=&#8221;4.16&#8243; text_font=&#8221;Montserrat|600|||||||&#8221; text_font_size=&#8221;30px&#8221; text_line_height=&#8221;1.8em&#8221; header_font=&#8221;|600|||||||&#8221; header_text_color=&#8221;#686868&#8243; header_line_height=&#8221;2em&#8221; custom_margin=&#8221;1px||1px|||&#8221; custom_padding=&#8221;||0px|||&#8221; animation_style=&#8221;slide&#8221; animation_direction=&#8221;top&#8221; animation_intensity_slide=&#8221;10%&#8221; locked=&#8221;off&#8221; global_colors_info=&#8221;{}&#8221;]<\/p>\n<h1 style=\"text-align: left;\">Bilanzbuchhalter\/-in (m\/w\/d)<\/h1>\n<p><strong><\/strong><\/p>\n<p>[\/et_pb_text][\/et_pb_column][\/et_pb_row][et_pb_row column_structure=&#8221;1_4,1_4,1_4,1_4&#8243; _builder_version=&#8221;4.16&#8243; custom_margin=&#8221;-28px|auto||auto||&#8221; animation_style=&#8221;slide&#8221; animation_intensity_slide=&#8221;20%&#8221; global_colors_info=&#8221;{}&#8221;][et_pb_column type=&#8221;1_4&#8243; _builder_version=&#8221;4.16&#8243; global_colors_info=&#8221;{}&#8221;][et_pb_blurb title=&#8221;Friedrichsdorf&#8221; use_icon=&#8221;on&#8221; font_icon=&#8221;&#xe01e;||divi||400&#8243; icon_color=&#8221;#3c8ac9&#8243; icon_placement=&#8221;left&#8221; image_icon_width=&#8221;22px&#8221; _builder_version=&#8221;4.16&#8243; header_level=&#8221;h2&#8243; header_font=&#8221;|300|||||||&#8221; header_text_color=&#8221;#3c8ac9&#8243; header_font_size=&#8221;18px&#8221; icon_font_size=&#8221;22px&#8221; global_colors_info=&#8221;{}&#8221;][\/et_pb_blurb][\/et_pb_column][et_pb_column type=&#8221;1_4&#8243; _builder_version=&#8221;4.16&#8243; global_colors_info=&#8221;{}&#8221;][et_pb_blurb title=&#8221;Vollzeit&#8221; use_icon=&#8221;on&#8221; font_icon=&#8221;&#x7d;||divi||400&#8243; icon_color=&#8221;#3c8ac9&#8243; icon_placement=&#8221;left&#8221; image_icon_width=&#8221;20px&#8221; _builder_version=&#8221;4.16&#8243; header_level=&#8221;h2&#8243; header_font=&#8221;|300|||||||&#8221; header_text_color=&#8221;#3c8ac9&#8243; header_font_size=&#8221;18px&#8221; icon_font_size=&#8221;20px&#8221; global_colors_info=&#8221;{}&#8221;][\/et_pb_blurb][\/et_pb_column][et_pb_column type=&#8221;1_4&#8243; _builder_version=&#8221;4.16&#8243; global_colors_info=&#8221;{}&#8221;][et_pb_blurb title=&#8221;sofort&#8221; use_icon=&#8221;on&#8221; font_icon=&#8221;&#x49;||divi||400&#8243; icon_color=&#8221;#3c8ac9&#8243; icon_placement=&#8221;left&#8221; image_icon_width=&#8221;20px&#8221; _builder_version=&#8221;4.16&#8243; header_level=&#8221;h2&#8243; header_font=&#8221;|300|||||||&#8221; header_text_color=&#8221;#3c8ac9&#8243; header_font_size=&#8221;18px&#8221; icon_font_size=&#8221;20px&#8221; global_colors_info=&#8221;{}&#8221;][\/et_pb_blurb][\/et_pb_column][et_pb_column type=&#8221;1_4&#8243; _builder_version=&#8221;4.16&#8243; global_colors_info=&#8221;{}&#8221;][\/et_pb_column][\/et_pb_row][et_pb_row _builder_version=&#8221;4.16&#8243; global_colors_info=&#8221;{}&#8221;][et_pb_column type=&#8221;4_4&#8243; _builder_version=&#8221;4.16&#8243; global_colors_info=&#8221;{}&#8221;][et_pb_text _builder_version=&#8221;4.16&#8243; text_font=&#8221;Montserrat|300|||||||&#8221; text_font_size=&#8221;16px&#8221; text_line_height=&#8221;1.8em&#8221; header_font=&#8221;||||||||&#8221; header_3_text_color=&#8221;#686868&#8243; header_3_font_size=&#8221;18px&#8221; header_3_line_height=&#8221;1.3em&#8221; custom_margin=&#8221;1px||1px|||&#8221; custom_padding=&#8221;||0px|||&#8221; animation_style=&#8221;slide&#8221; animation_direction=&#8221;top&#8221; animation_intensity_slide=&#8221;10%&#8221; locked=&#8221;off&#8221; global_colors_info=&#8221;{}&#8221;]<\/p>\n<p>Die RTSB Gruppe ist ein f\u00fchrender intermodaler Operator entlang der <em>One Belt One Road<\/em>-Route mit \u00fcber 20 Jahren Erfahrung im Transportbereich. Unser erfahrenes Team, umfangreiches Netzwerk, flexible Logistikl\u00f6sungen und einzigartiges webbasiertes System <em>MyTransOffice <\/em>haben die RTSB Gruppe stetig aufgebaut. Wir sind ein wachsendes Unternehmen, das 18 Filialen in 13 L\u00e4ndern entlang des eurasischen Korridors betreibt. Unsere Dienstleistungen umfassen: Blockzugbetrieb, Spedition, kundenindividuelle Logistikprojekte, Lastwagentransport und IT-L\u00f6sungen im Logistikbereich.<\/p>\n<p>Sie haben ein freundliches und professionelles Auftreten? Dann sollten wir uns n\u00e4her kennenlernen, denn zur Verst\u00e4rkung unseres Teams in unserer Zentrale in Friedrichsdorf suchen wir <b>ab sofort<\/b> einen verantwortungsvollen Bilanzbuchhalter (m\/w\/d).<\/p>\n<p>&nbsp;<\/p>\n<p><strong>Der Verantwortungsbereich<\/strong><strong>\u00a0<\/strong><\/p>\n<ul>\n<li>Erfassung der Gesch\u00e4ftsvorf\u00e4lle in Haupt und Nebenb\u00fcchern<\/li>\n<li>Kontenabstimmungen sowie Umbuchungen im Rahmen der Monats- und Jahresabschl\u00fcsse<\/li>\n<li>Pr\u00fcfung der Buchungen in den Nebenb\u00fcchern (Debitoren- und Kreditoren)<\/li>\n<li>Verbuchen und \u00dcberwachung der Zahlungseing\u00e4nge<\/li>\n<li>Abwicklung des In- und Auslandszahlungsverkehrs<\/li>\n<li>Pflege und F\u00fchrung der Stammdaten, sowie die Dokumentarische und akkurate Aufbereitung<\/li>\n<li>Abstimmung von zahlungsr\u00fcckst\u00e4ndigen internationalen Konten, mit anderen Standorten<\/li>\n<\/ul>\n<p>&nbsp;<\/p>\n<p><strong>Das Anforderungsprofil<\/strong><\/p>\n<ul>\n<li>Sie haben eine abgeschlossene Berufsausbildung im kaufm\u00e4nnischen Bereich, mit einer Weiterbildung zum Bilanzbuchhalter.<\/li>\n<li>Sie besitzen fundierte MS-Office Kenntnisse<\/li>\n<li>au\u00dferdem DATEV Rechnungswesen Pro Kenntnisse.<\/li>\n<li>Sie beweisen Kommunikationsst\u00e4rke und Flexibilit\u00e4t,<\/li>\n<li>sind international orientiert und verf\u00fcgen \u00fcber verhandlungssichere Sprachkenntnisse in Deutsch und Englisch<\/li>\n<li>und arbeiten l\u00f6sungsorientiert, selbst\u00e4ndig und sorgf\u00e4ltig.<span style=\"font-size: 16px;\">\u00a0<\/span><\/li>\n<\/ul>\n<p><strong>Wir bieten Ihnen<\/strong><\/p>\n<ul>\n<li>Eine vielseitige und verantwortungsvolle T\u00e4tigkeit in einem international t\u00e4tigen Unternehmen<\/li>\n<li>Festanstellung mit unbefristetem Arbeitsvertrag nach der Probezeit<\/li>\n<li>Urlaubs- und Weihnachtsgeld<\/li>\n<li>Fort- und Weiterbildungsm\u00f6glichkeiten<\/li>\n<li>Kostenloses Job Ticket<\/li>\n<li>Gute Verkehrsanbindung<\/li>\n<li>kostenlose Getr\u00e4nke sind bei uns selbstverst\u00e4ndlich<\/li>\n<li>Erfolge feiern wir gemeinsam auf Firmenevents<\/li>\n<\/ul>\n<p>Bitte bewerben Sie sich \u00fcber unser Bewerbungsformular oder richten Sie Ihre aussagekr\u00e4ftige Bewerbung an:<\/p>\n<p><strong>Amanda Hofmann, RTSB GmbH<\/strong><\/p>\n<p>E-Mail:\u00a0<a href=\"mailto:career@rtsb.de\">career@rtsb.de<\/a><\/p>\n<p>Tel: +49 6172 \/ 59 08-67<\/p>\n<p>[\/et_pb_text][et_pb_code _builder_version=&#8221;4.16&#8243; _module_preset=&#8221;default&#8221; custom_padding=&#8221;51px|||||&#8221; global_colors_info=&#8221;{}&#8221;][caldera_form id=&#8221;CF5e4e86a28aed7&#8243;][\/et_pb_code][\/et_pb_column][\/et_pb_row][\/et_pb_section]<\/p>\n","protected":false},"excerpt":{"rendered":"<p>Bilanzbuchhalter\/-in (m\/w\/d) Die RTSB Gruppe ist ein f\u00fchrender intermodaler Operator entlang der One Belt One Road-Route mit \u00fcber 20 Jahren Erfahrung im Transportbereich. Unser erfahrenes Team, umfangreiches Netzwerk, flexible Logistikl\u00f6sungen und einzigartiges webbasiertes System MyTransOffice haben die RTSB Gruppe stetig aufgebaut. Wir sind ein wachsendes Unternehmen, das 18 Filialen in 13 L\u00e4ndern entlang des eurasischen [&hellip;]<\/p>\n","protected":false},"author":2,"featured_media":0,"parent":0,"menu_order":0,"comment_status":"closed","ping_status":"closed","template":"","meta":{"_et_pb_use_builder":"on","_et_pb_old_content":"","_et_gb_content_width":"","footnotes":""},"class_list":["post-235926","page","type-page","status-publish","hentry"],"yoast_head":"<!-- This site is optimized with the Yoast SEO Premium plugin v27.2 (Yoast SEO v27.2) - https:\/\/yoast.com\/product\/yoast-seo-premium-wordpress\/ -->\n<title>Job Bilanzbuchhalter-in | RTSB Group<\/title>\n<meta name=\"robots\" content=\"index, follow, max-snippet:-1, max-image-preview:large, max-video-preview:-1\" \/>\n<link rel=\"canonical\" href=\"https:\/\/rtsb.group\/zh\/job-bilanzbuchhalter-in\/\" \/>\n<meta property=\"og:locale\" content=\"zh_CN\" \/>\n<meta property=\"og:type\" content=\"article\" \/>\n<meta property=\"og:title\" content=\"Job Bilanzbuchhalter-in\" \/>\n<meta property=\"og:url\" content=\"https:\/\/rtsb.group\/zh\/job-bilanzbuchhalter-in\/\" \/>\n<meta property=\"og:site_name\" content=\"RTSB Group\" \/>\n<meta property=\"article:modified_time\" content=\"2024-01-17T12:09:28+00:00\" \/>\n<meta property=\"og:image\" content=\"https:\/\/mlitppkqegoh.i.optimole.com\/cb:jeLg~747d\/w:auto\/h:auto\/q:mauto\/g:sm\/f:best\/ig:avif\/https:\/\/rtsb.group\/wp-content\/uploads\/2019\/11\/R_Group_black-e1594378205704.png\" \/>\n\t<meta property=\"og:image:width\" content=\"58\" \/>\n\t<meta property=\"og:image:height\" content=\"56\" \/>\n\t<meta property=\"og:image:type\" content=\"image\/png\" \/>\n<script type=\"application\/ld+json\" class=\"yoast-schema-graph\">{\"@context\":\"https:\/\/schema.org\",\"@graph\":[{\"@type\":\"WebPage\",\"@id\":\"https:\/\/rtsb.group\/job-bilanzbuchhalter-in\/\",\"url\":\"https:\/\/rtsb.group\/job-bilanzbuchhalter-in\/\",\"name\":\"Job Bilanzbuchhalter-in | RTSB Group\",\"isPartOf\":{\"@id\":\"https:\/\/rtsb.group\/#website\"},\"datePublished\":\"2021-01-19T08:59:25+00:00\",\"dateModified\":\"2024-01-17T12:09:28+00:00\",\"breadcrumb\":{\"@id\":\"https:\/\/rtsb.group\/job-bilanzbuchhalter-in\/#breadcrumb\"},\"inLanguage\":\"zh-Hans\",\"potentialAction\":[{\"@type\":\"ReadAction\",\"target\":[\"https:\/\/rtsb.group\/job-bilanzbuchhalter-in\/\"]}]},{\"@type\":\"BreadcrumbList\",\"@id\":\"https:\/\/rtsb.group\/job-bilanzbuchhalter-in\/#breadcrumb\",\"itemListElement\":[{\"@type\":\"ListItem\",\"position\":1,\"name\":\"Home\",\"item\":\"https:\/\/rtsb.group\/\"},{\"@type\":\"ListItem\",\"position\":2,\"name\":\"Job Bilanzbuchhalter-in\"}]},{\"@type\":\"WebSite\",\"@id\":\"https:\/\/rtsb.group\/#website\",\"url\":\"https:\/\/rtsb.group\/\",\"name\":\"RTSB Group\",\"description\":\"Your Rail Link Between Europe and Asia\",\"publisher\":{\"@id\":\"https:\/\/rtsb.group\/#organization\"},\"alternateName\":\"RTSB\",\"potentialAction\":[{\"@type\":\"SearchAction\",\"target\":{\"@type\":\"EntryPoint\",\"urlTemplate\":\"https:\/\/rtsb.group\/?s={search_term_string}\"},\"query-input\":{\"@type\":\"PropertyValueSpecification\",\"valueRequired\":true,\"valueName\":\"search_term_string\"}}],\"inLanguage\":\"zh-Hans\"},{\"@type\":[\"Organization\",\"Place\"],\"@id\":\"https:\/\/rtsb.group\/#organization\",\"name\":\"RTSB GmbH Rail Transportation Service Broker\",\"alternateName\":\"RTSB\",\"url\":\"https:\/\/rtsb.group\/\",\"logo\":{\"@id\":\"https:\/\/rtsb.group\/job-bilanzbuchhalter-in\/#local-main-organization-logo\"},\"image\":{\"@id\":\"https:\/\/rtsb.group\/job-bilanzbuchhalter-in\/#local-main-organization-logo\"},\"sameAs\":[\"https:\/\/www.linkedin.com\/company\/rtsb-gmbh\/\"],\"description\":\"RTSB Group\u2019s operational footprint is designed with purpose: to support seamless intermodal connectivity across Europe, Central Asia, and China. With a network of offices, terminals, partner depots, and customs points strategically distributed along key trade corridors, we ensure that every shipment benefits from proximity, efficiency, and local expertise. The family business started out as a freight forwarder between Europe and the CIS and grew to become a global player in rail freight transportation, with locations in 15 countries an a turnover of 800 Million USD in 2024.\",\"legalName\":\"RTSB GmbH Rail Transportation Service Broker\",\"numberOfEmployees\":{\"@type\":\"QuantitativeValue\",\"minValue\":\"201\",\"maxValue\":\"500\"},\"address\":{\"@id\":\"https:\/\/rtsb.group\/job-bilanzbuchhalter-in\/#local-main-place-address\"},\"telephone\":[\"+49617259080\"],\"contactPoint\":{\"@type\":\"ContactPoint\",\"telephone\":\"49617259080\",\"email\":\"sales@rtsb.de\"},\"openingHoursSpecification\":[{\"@type\":\"OpeningHoursSpecification\",\"dayOfWeek\":[\"Monday\",\"Tuesday\",\"Wednesday\",\"Thursday\",\"Friday\",\"Saturday\",\"Sunday\"],\"opens\":\"09:00\",\"closes\":\"17:00\"}],\"email\":\"info@rtsb.de\",\"areaServed\":\"worldwide\",\"vatID\":\"DE191151613\",\"taxID\":\"003 242 88102\"},{\"@type\":\"PostalAddress\",\"@id\":\"https:\/\/rtsb.group\/job-bilanzbuchhalter-in\/#local-main-place-address\",\"streetAddress\":\"Industriestr. 24\",\"addressLocality\":\"Friedrichsdorf\",\"postalCode\":\"61381\",\"addressRegion\":\"Hessen\",\"addressCountry\":\"DE\"},{\"@type\":\"ImageObject\",\"inLanguage\":\"zh-Hans\",\"@id\":\"https:\/\/rtsb.group\/job-bilanzbuchhalter-in\/#local-main-organization-logo\",\"url\":\"https:\/\/mlitppkqegoh.i.optimole.com\/cb:jeLg~747d\/w:auto\/h:auto\/q:mauto\/g:sm\/f:best\/ig:avif\/https:\/\/rtsb.group\/wp-content\/uploads\/2025\/07\/R_Group_black.png\",\"contentUrl\":\"https:\/\/mlitppkqegoh.i.optimole.com\/cb:jeLg~747d\/w:auto\/h:auto\/q:mauto\/g:sm\/f:best\/ig:avif\/https:\/\/rtsb.group\/wp-content\/uploads\/2025\/07\/R_Group_black.png\",\"width\":154,\"height\":148,\"caption\":\"RTSB GmbH Rail Transportation Service Broker\"}]}<\/script>\n<meta name=\"geo.placename\" content=\"Friedrichsdorf\" \/>\n<meta name=\"geo.region\" content=\"Germany\" \/>\n<!-- \/ Yoast SEO Premium plugin. -->","yoast_head_json":{"title":"Job Bilanzbuchhalter-in | RTSB Group","robots":{"index":"index","follow":"follow","max-snippet":"max-snippet:-1","max-image-preview":"max-image-preview:large","max-video-preview":"max-video-preview:-1"},"canonical":"https:\/\/rtsb.group\/zh\/job-bilanzbuchhalter-in\/","og_locale":"zh_CN","og_type":"article","og_title":"Job Bilanzbuchhalter-in","og_url":"https:\/\/rtsb.group\/zh\/job-bilanzbuchhalter-in\/","og_site_name":"RTSB Group","article_modified_time":"2024-01-17T12:09:28+00:00","og_image":[{"width":58,"height":56,"url":"https:\/\/mlitppkqegoh.i.optimole.com\/cb:jeLg~747d\/w:auto\/h:auto\/q:mauto\/g:sm\/f:best\/ig:avif\/https:\/\/rtsb.group\/wp-content\/uploads\/2019\/11\/R_Group_black-e1594378205704.png","type":"image\/png"}],"schema":{"@context":"https:\/\/schema.org","@graph":[{"@type":"WebPage","@id":"https:\/\/rtsb.group\/job-bilanzbuchhalter-in\/","url":"https:\/\/rtsb.group\/job-bilanzbuchhalter-in\/","name":"Job Bilanzbuchhalter-in | RTSB Group","isPartOf":{"@id":"https:\/\/rtsb.group\/#website"},"datePublished":"2021-01-19T08:59:25+00:00","dateModified":"2024-01-17T12:09:28+00:00","breadcrumb":{"@id":"https:\/\/rtsb.group\/job-bilanzbuchhalter-in\/#breadcrumb"},"inLanguage":"zh-Hans","potentialAction":[{"@type":"ReadAction","target":["https:\/\/rtsb.group\/job-bilanzbuchhalter-in\/"]}]},{"@type":"BreadcrumbList","@id":"https:\/\/rtsb.group\/job-bilanzbuchhalter-in\/#breadcrumb","itemListElement":[{"@type":"ListItem","position":1,"name":"Home","item":"https:\/\/rtsb.group\/"},{"@type":"ListItem","position":2,"name":"Job Bilanzbuchhalter-in"}]},{"@type":"WebSite","@id":"https:\/\/rtsb.group\/#website","url":"https:\/\/rtsb.group\/","name":"RTSB Group","description":"Your Rail Link Between Europe and Asia","publisher":{"@id":"https:\/\/rtsb.group\/#organization"},"alternateName":"RTSB","potentialAction":[{"@type":"SearchAction","target":{"@type":"EntryPoint","urlTemplate":"https:\/\/rtsb.group\/?s={search_term_string}"},"query-input":{"@type":"PropertyValueSpecification","valueRequired":true,"valueName":"search_term_string"}}],"inLanguage":"zh-Hans"},{"@type":["Organization","Place"],"@id":"https:\/\/rtsb.group\/#organization","name":"RTSB GmbH Rail Transportation Service Broker","alternateName":"RTSB","url":"https:\/\/rtsb.group\/","logo":{"@id":"https:\/\/rtsb.group\/job-bilanzbuchhalter-in\/#local-main-organization-logo"},"image":{"@id":"https:\/\/rtsb.group\/job-bilanzbuchhalter-in\/#local-main-organization-logo"},"sameAs":["https:\/\/www.linkedin.com\/company\/rtsb-gmbh\/"],"description":"RTSB Group\u2019s operational footprint is designed with purpose: to support seamless intermodal connectivity across Europe, Central Asia, and China. With a network of offices, terminals, partner depots, and customs points strategically distributed along key trade corridors, we ensure that every shipment benefits from proximity, efficiency, and local expertise. The family business started out as a freight forwarder between Europe and the CIS and grew to become a global player in rail freight transportation, with locations in 15 countries an a turnover of 800 Million USD in 2024.","legalName":"RTSB GmbH Rail Transportation Service Broker","numberOfEmployees":{"@type":"QuantitativeValue","minValue":"201","maxValue":"500"},"address":{"@id":"https:\/\/rtsb.group\/job-bilanzbuchhalter-in\/#local-main-place-address"},"telephone":["+49617259080"],"contactPoint":{"@type":"ContactPoint","telephone":"49617259080","email":"sales@rtsb.de"},"openingHoursSpecification":[{"@type":"OpeningHoursSpecification","dayOfWeek":["Monday","Tuesday","Wednesday","Thursday","Friday","Saturday","Sunday"],"opens":"09:00","closes":"17:00"}],"email":"info@rtsb.de","areaServed":"worldwide","vatID":"DE191151613","taxID":"003 242 88102"},{"@type":"PostalAddress","@id":"https:\/\/rtsb.group\/job-bilanzbuchhalter-in\/#local-main-place-address","streetAddress":"Industriestr. 24","addressLocality":"Friedrichsdorf","postalCode":"61381","addressRegion":"Hessen","addressCountry":"DE"},{"@type":"ImageObject","inLanguage":"zh-Hans","@id":"https:\/\/rtsb.group\/job-bilanzbuchhalter-in\/#local-main-organization-logo","url":"https:\/\/mlitppkqegoh.i.optimole.com\/cb:jeLg~747d\/w:auto\/h:auto\/q:mauto\/g:sm\/f:best\/ig:avif\/https:\/\/rtsb.group\/wp-content\/uploads\/2025\/07\/R_Group_black.png","contentUrl":"https:\/\/mlitppkqegoh.i.optimole.com\/cb:jeLg~747d\/w:auto\/h:auto\/q:mauto\/g:sm\/f:best\/ig:avif\/https:\/\/rtsb.group\/wp-content\/uploads\/2025\/07\/R_Group_black.png","width":154,"height":148,"caption":"RTSB GmbH Rail Transportation Service Broker"}]},"geo.placename":"Friedrichsdorf","geo.region":"Germany"},"amp_enabled":true,"_links":{"self":[{"href":"https:\/\/rtsb.group\/zh\/wp-json\/wp\/v2\/pages\/235926","targetHints":{"allow":["GET"]}}],"collection":[{"href":"https:\/\/rtsb.group\/zh\/wp-json\/wp\/v2\/pages"}],"about":[{"href":"https:\/\/rtsb.group\/zh\/wp-json\/wp\/v2\/types\/page"}],"author":[{"embeddable":true,"href":"https:\/\/rtsb.group\/zh\/wp-json\/wp\/v2\/users\/2"}],"replies":[{"embeddable":true,"href":"https:\/\/rtsb.group\/zh\/wp-json\/wp\/v2\/comments?post=235926"}],"version-history":[{"count":0,"href":"https:\/\/rtsb.group\/zh\/wp-json\/wp\/v2\/pages\/235926\/revisions"}],"wp:attachment":[{"href":"https:\/\/rtsb.group\/zh\/wp-json\/wp\/v2\/media?parent=235926"}],"curies":[{"name":"wp","href":"https:\/\/api.w.org\/{rel}","templated":true}]}}