{"id":236433,"date":"2021-11-02T11:09:05","date_gmt":"2021-11-02T11:09:05","guid":{"rendered":"https:\/\/rtsb.group\/?page_id=236433"},"modified":"2024-01-17T12:07:48","modified_gmt":"2024-01-17T12:07:48","slug":"technicalsupportspecialist","status":"publish","type":"page","link":"https:\/\/rtsb.group\/zh\/technicalsupportspecialist\/","title":{"rendered":"Job &#8211; IT Technical Support Specialist"},"content":{"rendered":"<p>[et_pb_section fb_built=&#8221;1&#8243; _builder_version=&#8221;4.16&#8243; custom_padding=&#8221;110px||110px||true|&#8221; global_colors_info=&#8221;{}&#8221;][et_pb_row _builder_version=&#8221;4.16&#8243; custom_padding=&#8221;||0px|||&#8221; global_colors_info=&#8221;{}&#8221;][et_pb_column type=&#8221;4_4&#8243; _builder_version=&#8221;4.16&#8243; global_colors_info=&#8221;{}&#8221;][et_pb_text _builder_version=&#8221;4.16&#8243; text_font=&#8221;Montserrat|600|||||||&#8221; text_font_size=&#8221;30px&#8221; text_line_height=&#8221;1.8em&#8221; header_font=&#8221;|600|||||||&#8221; header_text_color=&#8221;#686868&#8243; header_line_height=&#8221;3em&#8221; custom_margin=&#8221;1px||1px|||&#8221; custom_padding=&#8221;||0px|||&#8221; animation_style=&#8221;slide&#8221; animation_direction=&#8221;top&#8221; animation_intensity_slide=&#8221;10%&#8221; locked=&#8221;off&#8221; global_colors_info=&#8221;{}&#8221;]<\/p>\n<h1 style=\"text-align: left;\">IT\/ Technical Support Specialist (m\/w\/d)<\/h1>\n<p><strong><\/strong><\/p>\n<p>[\/et_pb_text][\/et_pb_column][\/et_pb_row][et_pb_row column_structure=&#8221;1_4,1_4,1_4,1_4&#8243; _builder_version=&#8221;4.16&#8243; custom_margin=&#8221;-28px|auto||auto||&#8221; animation_style=&#8221;slide&#8221; animation_intensity_slide=&#8221;21%&#8221; global_colors_info=&#8221;{}&#8221;][et_pb_column type=&#8221;1_4&#8243; _builder_version=&#8221;4.16&#8243; global_colors_info=&#8221;{}&#8221;][et_pb_blurb title=&#8221;Friedrichsdorf&#8221; use_icon=&#8221;on&#8221; font_icon=&#8221;&#xe01e;||divi||400&#8243; icon_color=&#8221;#3c8ac9&#8243; icon_placement=&#8221;left&#8221; image_icon_width=&#8221;22px&#8221; _builder_version=&#8221;4.16&#8243; header_level=&#8221;h2&#8243; header_font=&#8221;|300|||||||&#8221; header_text_color=&#8221;#3c8ac9&#8243; header_font_size=&#8221;18px&#8221; icon_font_size=&#8221;22px&#8221; global_colors_info=&#8221;{}&#8221;][\/et_pb_blurb][\/et_pb_column][et_pb_column type=&#8221;1_4&#8243; _builder_version=&#8221;4.16&#8243; global_colors_info=&#8221;{}&#8221;][et_pb_blurb title=&#8221;Vollzeit&#8221; use_icon=&#8221;on&#8221; font_icon=&#8221;&#x7d;||divi||400&#8243; icon_color=&#8221;#3c8ac9&#8243; icon_placement=&#8221;left&#8221; image_icon_width=&#8221;20px&#8221; _builder_version=&#8221;4.16&#8243; header_level=&#8221;h2&#8243; header_font=&#8221;|300|||||||&#8221; header_text_color=&#8221;#3c8ac9&#8243; header_font_size=&#8221;18px&#8221; icon_font_size=&#8221;20px&#8221; global_colors_info=&#8221;{}&#8221;][\/et_pb_blurb][\/et_pb_column][et_pb_column type=&#8221;1_4&#8243; _builder_version=&#8221;4.16&#8243; global_colors_info=&#8221;{}&#8221;][et_pb_blurb title=&#8221;sofort&#8221; use_icon=&#8221;on&#8221; font_icon=&#8221;&#x49;||divi||400&#8243; icon_color=&#8221;#3c8ac9&#8243; icon_placement=&#8221;left&#8221; image_icon_width=&#8221;20px&#8221; _builder_version=&#8221;4.16&#8243; header_level=&#8221;h2&#8243; header_font=&#8221;|300|||||||&#8221; header_text_color=&#8221;#3c8ac9&#8243; header_font_size=&#8221;18px&#8221; icon_font_size=&#8221;20px&#8221; global_colors_info=&#8221;{}&#8221;][\/et_pb_blurb][\/et_pb_column][et_pb_column type=&#8221;1_4&#8243; _builder_version=&#8221;4.16&#8243; global_colors_info=&#8221;{}&#8221;][\/et_pb_column][\/et_pb_row][et_pb_row _builder_version=&#8221;4.16&#8243; global_colors_info=&#8221;{}&#8221;][et_pb_column type=&#8221;4_4&#8243; _builder_version=&#8221;4.16&#8243; global_colors_info=&#8221;{}&#8221;][et_pb_text _builder_version=&#8221;4.16&#8243; text_font=&#8221;Montserrat|300|||||||&#8221; text_font_size=&#8221;16px&#8221; text_line_height=&#8221;1.8em&#8221; header_font=&#8221;||||||||&#8221; header_3_text_color=&#8221;#686868&#8243; header_3_font_size=&#8221;18px&#8221; header_3_line_height=&#8221;1.3em&#8221; custom_margin=&#8221;1px||1px|||&#8221; custom_padding=&#8221;||0px|||&#8221; animation_style=&#8221;slide&#8221; animation_direction=&#8221;top&#8221; animation_intensity_slide=&#8221;10%&#8221; locked=&#8221;off&#8221; global_colors_info=&#8221;{}&#8221;]<\/p>\n<p>Bei uns k\u00f6nnen Sie etwas bewegen: wir bringen G\u00fcter auf die Schiene. Mit innovativen Logistikdienstleistungen zwischen China und Europa sind wir zu einem f\u00fchrenden Transportunternehmen in den Bereichen Containerdisposition und Blockzugbetrieb gewachsen. So bringen wir Sendungen intermodal, per Bahn in nur 10-14 Tagen an ihren Bestimmungsort entlang der Neuen Seidenstra\u00dfe. Egal ob Speditionsexpert*in, Organisationsgenie oder Zahlenspezialist*in, werden Sie Teil unseres internationalen Teams, das an 20 Standorten weltweit aktiv ist und bestimmen Sie mit uns die Zukunft der Bahnlogistik.<span class=\"Apple-converted-space\">\u00a0<\/span><\/p>\n<p>&nbsp;<\/p>\n<p><span><span class=\"Apple-converted-space\">\u00a0<\/span><\/span>F\u00fcr die Unterst\u00fctzung unseres IT- bzw. technischen Supports suchen wir <b>ab sofort <\/b>einen motivierten IT Technical Support Specialist (m\/w\/d). Verst\u00e4rken Sie unser Team in Friedrichsdorf und unterst\u00fctzen Sie uns in Belangen, die sowohl Hard- als auch Software betreffen.<span class=\"Apple-converted-space\">\u00a0<\/span><\/p>\n<p><b>Ihr Verantwortungsbereich<span class=\"Apple-converted-space\">\u00a0<\/span><\/b><\/p>\n<ul>\n<li>Entgegennahme und Koordination von Supportanfragen<span class=\"Apple-converted-space\">\u00a0<\/span><\/li>\n<li>Protokollierung der Anfragen<span class=\"Apple-converted-space\">\u00a0<\/span><\/li>\n<li>Durchf\u00fchrung von Wartungsarbeiten per Fernzugriff<span class=\"Apple-converted-space\">\u00a0<\/span><\/li>\n<li>St\u00f6rungsbeseitigung<span class=\"Apple-converted-space\">\u00a0<\/span><\/li>\n<li>IT-Arbeitsplatz Verwaltung (Hardware, Verkabelung, Peripherie, Drucker, Telefone etc.)<span class=\"Apple-converted-space\">\u00a0<\/span><\/li>\n<li>Terminvereinbarungen f\u00fcr den Kundendienst<span class=\"Apple-converted-space\">\u00a0<\/span><\/li>\n<li>Weiterleitung von Anfragen an die Fachabteilungen<span class=\"Apple-converted-space\">\u00a0<\/span><\/li>\n<\/ul>\n<p>&nbsp;<\/p>\n<p><b>Ihr Anforderungsprofil<span class=\"Apple-converted-space\">\u00a0<\/span><\/b><\/p>\n<ul>\n<li>Abgeschlossene Ausbildung als Fachinformatiker oder vergleichbare Ausbildung. Mindestens ein Jahr Berufserfahrung im IT-Support<span class=\"Apple-converted-space\">\u00a0<\/span><\/li>\n<li>Ausgepr\u00e4gt gute Kommunikationsf\u00e4higkeiten<span class=\"Apple-converted-space\">\u00a0<\/span><\/li>\n<li>Geduld und Stressresistenz<span class=\"Apple-converted-space\">\u00a0<\/span><\/li>\n<li>Fundierte IT-Fachkenntnisse (Azure AAD, 365 und Netzwerktechnik)<span class=\"Apple-converted-space\">\u00a0<\/span><\/li>\n<li>Selbstst\u00e4ndige und serviceorientierte Arbeitsweise<span class=\"Apple-converted-space\">\u00a0<\/span><\/li>\n<li>Hohe Kundenorientierung<span class=\"Apple-converted-space\">\u00a0<\/span><\/li>\n<li>Sehr gute Deutsch- und Englischkenntnisse<span class=\"Apple-converted-space\">\u00a0<\/span><\/li>\n<\/ul>\n<p>&nbsp;<\/p>\n<p><b>Wir bieten Ihnen<span class=\"Apple-converted-space\">\u00a0<\/span><\/b><\/p>\n<ul>\n<li>Eine vielseitige und verantwortungsvolle T\u00e4tigkeit in einem international t\u00e4tigen Unternehmen<span class=\"Apple-converted-space\">\u00a0<\/span><\/li>\n<li>Eine unbefristete Vollzeitbesch\u00e4ftigung mit 40 Stunden pro Woche<span class=\"Apple-converted-space\">\u00a0<\/span><\/li>\n<li>Sonderzahlungen (Urlaubs- und Weihnachtsgeld)<span class=\"Apple-converted-space\">\u00a0<\/span><\/li>\n<li>Fort- und Weiterbildungsm\u00f6glichkeiten<span class=\"Apple-converted-space\">\u00a0<\/span><\/li>\n<\/ul>\n<ul><\/ul>\n<p>&nbsp;<\/p>\n<p><strong>Das passt zu Ihnen? So bewerben Sie sich:<\/strong><\/p>\n<p>Bitte bewerben Sie sich \u00fcber unser Bewerbungsformular oder richten Sie Ihre aussagekr\u00e4ftige Bewerbung an:<\/p>\n<p><strong>Amanda Hofmann, RTSB GmbH<\/strong><\/p>\n<p>E-Mail:\u00a0<a href=\"mailto:career@rtsb.de\">career@rtsb.de<\/a><\/p>\n<p>Tel: +49 6172 \/ 59 08-67<\/p>\n<p>&nbsp;<\/p>\n<p>[\/et_pb_text][et_pb_code _builder_version=&#8221;4.16&#8243; _module_preset=&#8221;default&#8221; custom_padding=&#8221;50px|||||&#8221; global_colors_info=&#8221;{}&#8221;][caldera_form id=&#8221;CF5e4e86a28aed7&#8243;][\/et_pb_code][\/et_pb_column][\/et_pb_row][\/et_pb_section]<\/p>\n","protected":false},"excerpt":{"rendered":"<p>IT\/ Technical Support Specialist (m\/w\/d) Bei uns k\u00f6nnen Sie etwas bewegen: wir bringen G\u00fcter auf die Schiene. Mit innovativen Logistikdienstleistungen zwischen China und Europa sind wir zu einem f\u00fchrenden Transportunternehmen in den Bereichen Containerdisposition und Blockzugbetrieb gewachsen. So bringen wir Sendungen intermodal, per Bahn in nur 10-14 Tagen an ihren Bestimmungsort entlang der Neuen Seidenstra\u00dfe. [&hellip;]<\/p>\n","protected":false},"author":2,"featured_media":0,"parent":0,"menu_order":0,"comment_status":"closed","ping_status":"closed","template":"","meta":{"_et_pb_use_builder":"on","_et_pb_old_content":"","_et_gb_content_width":"","footnotes":""},"class_list":["post-236433","page","type-page","status-publish","hentry"],"yoast_head":"<!-- This site is optimized with the Yoast SEO Premium plugin v27.2 (Yoast SEO v27.2) - https:\/\/yoast.com\/product\/yoast-seo-premium-wordpress\/ -->\n<title>Job - IT Technical Support Specialist | RTSB Group<\/title>\n<meta name=\"robots\" content=\"index, follow, max-snippet:-1, max-image-preview:large, max-video-preview:-1\" \/>\n<link rel=\"canonical\" href=\"https:\/\/rtsb.group\/zh\/technicalsupportspecialist\/\" \/>\n<meta property=\"og:locale\" content=\"zh_CN\" \/>\n<meta property=\"og:type\" content=\"article\" \/>\n<meta property=\"og:title\" content=\"Job - IT Technical Support Specialist\" \/>\n<meta property=\"og:url\" content=\"https:\/\/rtsb.group\/zh\/technicalsupportspecialist\/\" \/>\n<meta property=\"og:site_name\" content=\"RTSB Group\" \/>\n<meta property=\"article:modified_time\" content=\"2024-01-17T12:07:48+00:00\" \/>\n<meta property=\"og:image\" content=\"https:\/\/mlitppkqegoh.i.optimole.com\/cb:jeLg~747d\/w:auto\/h:auto\/q:mauto\/g:sm\/f:best\/ig:avif\/https:\/\/rtsb.group\/wp-content\/uploads\/2019\/11\/R_Group_black-e1594378205704.png\" \/>\n\t<meta property=\"og:image:width\" content=\"58\" \/>\n\t<meta property=\"og:image:height\" content=\"56\" \/>\n\t<meta property=\"og:image:type\" content=\"image\/png\" \/>\n<meta name=\"twitter:label1\" content=\"\u9884\u8ba1\u9605\u8bfb\u65f6\u95f4\" \/>\n\t<meta name=\"twitter:data1\" content=\"2 \u5206\" \/>\n<script type=\"application\/ld+json\" class=\"yoast-schema-graph\">{\"@context\":\"https:\/\/schema.org\",\"@graph\":[{\"@type\":\"WebPage\",\"@id\":\"https:\/\/rtsb.group\/technicalsupportspecialist\/\",\"url\":\"https:\/\/rtsb.group\/technicalsupportspecialist\/\",\"name\":\"Job - IT Technical Support Specialist | RTSB Group\",\"isPartOf\":{\"@id\":\"https:\/\/rtsb.group\/#website\"},\"datePublished\":\"2021-11-02T11:09:05+00:00\",\"dateModified\":\"2024-01-17T12:07:48+00:00\",\"breadcrumb\":{\"@id\":\"https:\/\/rtsb.group\/technicalsupportspecialist\/#breadcrumb\"},\"inLanguage\":\"zh-Hans\",\"potentialAction\":[{\"@type\":\"ReadAction\",\"target\":[\"https:\/\/rtsb.group\/technicalsupportspecialist\/\"]}]},{\"@type\":\"BreadcrumbList\",\"@id\":\"https:\/\/rtsb.group\/technicalsupportspecialist\/#breadcrumb\",\"itemListElement\":[{\"@type\":\"ListItem\",\"position\":1,\"name\":\"Home\",\"item\":\"https:\/\/rtsb.group\/\"},{\"@type\":\"ListItem\",\"position\":2,\"name\":\"Job &#8211; IT Technical Support Specialist\"}]},{\"@type\":\"WebSite\",\"@id\":\"https:\/\/rtsb.group\/#website\",\"url\":\"https:\/\/rtsb.group\/\",\"name\":\"RTSB Group\",\"description\":\"Your Rail Link Between Europe and Asia\",\"publisher\":{\"@id\":\"https:\/\/rtsb.group\/#organization\"},\"alternateName\":\"RTSB\",\"potentialAction\":[{\"@type\":\"SearchAction\",\"target\":{\"@type\":\"EntryPoint\",\"urlTemplate\":\"https:\/\/rtsb.group\/?s={search_term_string}\"},\"query-input\":{\"@type\":\"PropertyValueSpecification\",\"valueRequired\":true,\"valueName\":\"search_term_string\"}}],\"inLanguage\":\"zh-Hans\"},{\"@type\":[\"Organization\",\"Place\"],\"@id\":\"https:\/\/rtsb.group\/#organization\",\"name\":\"RTSB GmbH Rail Transportation Service Broker\",\"alternateName\":\"RTSB\",\"url\":\"https:\/\/rtsb.group\/\",\"logo\":{\"@id\":\"https:\/\/rtsb.group\/technicalsupportspecialist\/#local-main-organization-logo\"},\"image\":{\"@id\":\"https:\/\/rtsb.group\/technicalsupportspecialist\/#local-main-organization-logo\"},\"sameAs\":[\"https:\/\/www.linkedin.com\/company\/rtsb-gmbh\/\"],\"description\":\"RTSB Group\u2019s operational footprint is designed with purpose: to support seamless intermodal connectivity across Europe, Central Asia, and China. With a network of offices, terminals, partner depots, and customs points strategically distributed along key trade corridors, we ensure that every shipment benefits from proximity, efficiency, and local expertise. The family business started out as a freight forwarder between Europe and the CIS and grew to become a global player in rail freight transportation, with locations in 15 countries an a turnover of 800 Million USD in 2024.\",\"legalName\":\"RTSB GmbH Rail Transportation Service Broker\",\"numberOfEmployees\":{\"@type\":\"QuantitativeValue\",\"minValue\":\"201\",\"maxValue\":\"500\"},\"address\":{\"@id\":\"https:\/\/rtsb.group\/technicalsupportspecialist\/#local-main-place-address\"},\"telephone\":[\"+49617259080\"],\"contactPoint\":{\"@type\":\"ContactPoint\",\"telephone\":\"49617259080\",\"email\":\"sales@rtsb.de\"},\"openingHoursSpecification\":[{\"@type\":\"OpeningHoursSpecification\",\"dayOfWeek\":[\"Monday\",\"Tuesday\",\"Wednesday\",\"Thursday\",\"Friday\",\"Saturday\",\"Sunday\"],\"opens\":\"09:00\",\"closes\":\"17:00\"}],\"email\":\"info@rtsb.de\",\"areaServed\":\"worldwide\",\"vatID\":\"DE191151613\",\"taxID\":\"003 242 88102\"},{\"@type\":\"PostalAddress\",\"@id\":\"https:\/\/rtsb.group\/technicalsupportspecialist\/#local-main-place-address\",\"streetAddress\":\"Industriestr. 24\",\"addressLocality\":\"Friedrichsdorf\",\"postalCode\":\"61381\",\"addressRegion\":\"Hessen\",\"addressCountry\":\"DE\"},{\"@type\":\"ImageObject\",\"inLanguage\":\"zh-Hans\",\"@id\":\"https:\/\/rtsb.group\/technicalsupportspecialist\/#local-main-organization-logo\",\"url\":\"https:\/\/mlitppkqegoh.i.optimole.com\/cb:jeLg~747d\/w:auto\/h:auto\/q:mauto\/g:sm\/f:best\/ig:avif\/https:\/\/rtsb.group\/wp-content\/uploads\/2025\/07\/R_Group_black.png\",\"contentUrl\":\"https:\/\/mlitppkqegoh.i.optimole.com\/cb:jeLg~747d\/w:auto\/h:auto\/q:mauto\/g:sm\/f:best\/ig:avif\/https:\/\/rtsb.group\/wp-content\/uploads\/2025\/07\/R_Group_black.png\",\"width\":154,\"height\":148,\"caption\":\"RTSB GmbH Rail Transportation Service Broker\"}]}<\/script>\n<meta name=\"geo.placename\" content=\"Friedrichsdorf\" \/>\n<meta name=\"geo.region\" content=\"Germany\" \/>\n<!-- \/ Yoast SEO Premium plugin. -->","yoast_head_json":{"title":"Job - IT Technical Support Specialist | RTSB Group","robots":{"index":"index","follow":"follow","max-snippet":"max-snippet:-1","max-image-preview":"max-image-preview:large","max-video-preview":"max-video-preview:-1"},"canonical":"https:\/\/rtsb.group\/zh\/technicalsupportspecialist\/","og_locale":"zh_CN","og_type":"article","og_title":"Job - IT Technical Support Specialist","og_url":"https:\/\/rtsb.group\/zh\/technicalsupportspecialist\/","og_site_name":"RTSB Group","article_modified_time":"2024-01-17T12:07:48+00:00","og_image":[{"width":58,"height":56,"url":"https:\/\/mlitppkqegoh.i.optimole.com\/cb:jeLg~747d\/w:auto\/h:auto\/q:mauto\/g:sm\/f:best\/ig:avif\/https:\/\/rtsb.group\/wp-content\/uploads\/2019\/11\/R_Group_black-e1594378205704.png","type":"image\/png"}],"twitter_misc":{"\u9884\u8ba1\u9605\u8bfb\u65f6\u95f4":"2 \u5206"},"schema":{"@context":"https:\/\/schema.org","@graph":[{"@type":"WebPage","@id":"https:\/\/rtsb.group\/technicalsupportspecialist\/","url":"https:\/\/rtsb.group\/technicalsupportspecialist\/","name":"Job - IT Technical Support Specialist | RTSB Group","isPartOf":{"@id":"https:\/\/rtsb.group\/#website"},"datePublished":"2021-11-02T11:09:05+00:00","dateModified":"2024-01-17T12:07:48+00:00","breadcrumb":{"@id":"https:\/\/rtsb.group\/technicalsupportspecialist\/#breadcrumb"},"inLanguage":"zh-Hans","potentialAction":[{"@type":"ReadAction","target":["https:\/\/rtsb.group\/technicalsupportspecialist\/"]}]},{"@type":"BreadcrumbList","@id":"https:\/\/rtsb.group\/technicalsupportspecialist\/#breadcrumb","itemListElement":[{"@type":"ListItem","position":1,"name":"Home","item":"https:\/\/rtsb.group\/"},{"@type":"ListItem","position":2,"name":"Job &#8211; IT Technical Support Specialist"}]},{"@type":"WebSite","@id":"https:\/\/rtsb.group\/#website","url":"https:\/\/rtsb.group\/","name":"RTSB Group","description":"Your Rail Link Between Europe and Asia","publisher":{"@id":"https:\/\/rtsb.group\/#organization"},"alternateName":"RTSB","potentialAction":[{"@type":"SearchAction","target":{"@type":"EntryPoint","urlTemplate":"https:\/\/rtsb.group\/?s={search_term_string}"},"query-input":{"@type":"PropertyValueSpecification","valueRequired":true,"valueName":"search_term_string"}}],"inLanguage":"zh-Hans"},{"@type":["Organization","Place"],"@id":"https:\/\/rtsb.group\/#organization","name":"RTSB GmbH Rail Transportation Service Broker","alternateName":"RTSB","url":"https:\/\/rtsb.group\/","logo":{"@id":"https:\/\/rtsb.group\/technicalsupportspecialist\/#local-main-organization-logo"},"image":{"@id":"https:\/\/rtsb.group\/technicalsupportspecialist\/#local-main-organization-logo"},"sameAs":["https:\/\/www.linkedin.com\/company\/rtsb-gmbh\/"],"description":"RTSB Group\u2019s operational footprint is designed with purpose: to support seamless intermodal connectivity across Europe, Central Asia, and China. With a network of offices, terminals, partner depots, and customs points strategically distributed along key trade corridors, we ensure that every shipment benefits from proximity, efficiency, and local expertise. The family business started out as a freight forwarder between Europe and the CIS and grew to become a global player in rail freight transportation, with locations in 15 countries an a turnover of 800 Million USD in 2024.","legalName":"RTSB GmbH Rail Transportation Service Broker","numberOfEmployees":{"@type":"QuantitativeValue","minValue":"201","maxValue":"500"},"address":{"@id":"https:\/\/rtsb.group\/technicalsupportspecialist\/#local-main-place-address"},"telephone":["+49617259080"],"contactPoint":{"@type":"ContactPoint","telephone":"49617259080","email":"sales@rtsb.de"},"openingHoursSpecification":[{"@type":"OpeningHoursSpecification","dayOfWeek":["Monday","Tuesday","Wednesday","Thursday","Friday","Saturday","Sunday"],"opens":"09:00","closes":"17:00"}],"email":"info@rtsb.de","areaServed":"worldwide","vatID":"DE191151613","taxID":"003 242 88102"},{"@type":"PostalAddress","@id":"https:\/\/rtsb.group\/technicalsupportspecialist\/#local-main-place-address","streetAddress":"Industriestr. 24","addressLocality":"Friedrichsdorf","postalCode":"61381","addressRegion":"Hessen","addressCountry":"DE"},{"@type":"ImageObject","inLanguage":"zh-Hans","@id":"https:\/\/rtsb.group\/technicalsupportspecialist\/#local-main-organization-logo","url":"https:\/\/mlitppkqegoh.i.optimole.com\/cb:jeLg~747d\/w:auto\/h:auto\/q:mauto\/g:sm\/f:best\/ig:avif\/https:\/\/rtsb.group\/wp-content\/uploads\/2025\/07\/R_Group_black.png","contentUrl":"https:\/\/mlitppkqegoh.i.optimole.com\/cb:jeLg~747d\/w:auto\/h:auto\/q:mauto\/g:sm\/f:best\/ig:avif\/https:\/\/rtsb.group\/wp-content\/uploads\/2025\/07\/R_Group_black.png","width":154,"height":148,"caption":"RTSB GmbH Rail Transportation Service Broker"}]},"geo.placename":"Friedrichsdorf","geo.region":"Germany"},"amp_enabled":true,"_links":{"self":[{"href":"https:\/\/rtsb.group\/zh\/wp-json\/wp\/v2\/pages\/236433","targetHints":{"allow":["GET"]}}],"collection":[{"href":"https:\/\/rtsb.group\/zh\/wp-json\/wp\/v2\/pages"}],"about":[{"href":"https:\/\/rtsb.group\/zh\/wp-json\/wp\/v2\/types\/page"}],"author":[{"embeddable":true,"href":"https:\/\/rtsb.group\/zh\/wp-json\/wp\/v2\/users\/2"}],"replies":[{"embeddable":true,"href":"https:\/\/rtsb.group\/zh\/wp-json\/wp\/v2\/comments?post=236433"}],"version-history":[{"count":0,"href":"https:\/\/rtsb.group\/zh\/wp-json\/wp\/v2\/pages\/236433\/revisions"}],"wp:attachment":[{"href":"https:\/\/rtsb.group\/zh\/wp-json\/wp\/v2\/media?parent=236433"}],"curies":[{"name":"wp","href":"https:\/\/api.w.org\/{rel}","templated":true}]}}