{"id":237169,"date":"2025-01-31T12:20:14","date_gmt":"2025-01-31T12:20:14","guid":{"rendered":"https:\/\/rtsb.group\/?page_id=237169"},"modified":"2025-01-31T12:36:37","modified_gmt":"2025-01-31T12:36:37","slug":"sachbearbeiter-pricing-management","status":"publish","type":"page","link":"https:\/\/rtsb.group\/zh\/sachbearbeiter-pricing-management\/","title":{"rendered":"Sachbearbeiter Pricing Management"},"content":{"rendered":"<p>[et_pb_section fb_built=&#8221;1&#8243; _builder_version=&#8221;4.16&#8243; custom_padding=&#8221;110px||110px||true|&#8221; global_colors_info=&#8221;{}&#8221;][et_pb_row _builder_version=&#8221;4.16&#8243; custom_padding=&#8221;||0px|||&#8221; global_colors_info=&#8221;{}&#8221;][et_pb_column type=&#8221;4_4&#8243; _builder_version=&#8221;4.16&#8243; global_colors_info=&#8221;{}&#8221;][et_pb_text _builder_version=&#8221;4.16&#8243; text_font=&#8221;Montserrat|600|||||||&#8221; text_font_size=&#8221;30px&#8221; text_line_height=&#8221;1.8em&#8221; header_font=&#8221;|600|||||||&#8221; header_text_color=&#8221;#686868&#8243; header_line_height=&#8221;3em&#8221; custom_margin=&#8221;1px||1px|||&#8221; custom_padding=&#8221;||0px|||&#8221; animation_style=&#8221;slide&#8221; animation_direction=&#8221;top&#8221; animation_intensity_slide=&#8221;10%&#8221; locked=&#8221;off&#8221; global_colors_info=&#8221;{}&#8221;]<\/p>\n<h1 style=\"text-align: left;\">Sachbearbeiter Pricing Management (m\/w\/d)<\/h1>\n<p><strong><\/strong><\/p>\n<p>[\/et_pb_text][\/et_pb_column][\/et_pb_row][et_pb_row column_structure=&#8221;1_4,1_4,1_4,1_4&#8243; _builder_version=&#8221;4.16&#8243; custom_margin=&#8221;-28px|auto||auto||&#8221; animation_style=&#8221;slide&#8221; animation_intensity_slide=&#8221;21%&#8221; global_colors_info=&#8221;{}&#8221;][et_pb_column type=&#8221;1_4&#8243; _builder_version=&#8221;4.16&#8243; global_colors_info=&#8221;{}&#8221;][et_pb_blurb title=&#8221;Friedrichsdorf&#8221; use_icon=&#8221;on&#8221; font_icon=&#8221;&#xe01e;||divi||400&#8243; icon_color=&#8221;#3c8ac9&#8243; icon_placement=&#8221;left&#8221; image_icon_width=&#8221;22px&#8221; _builder_version=&#8221;4.16&#8243; header_level=&#8221;h2&#8243; header_font=&#8221;|300|||||||&#8221; header_text_color=&#8221;#3c8ac9&#8243; header_font_size=&#8221;18px&#8221; icon_font_size=&#8221;22px&#8221; global_colors_info=&#8221;{}&#8221;][\/et_pb_blurb][\/et_pb_column][et_pb_column type=&#8221;1_4&#8243; _builder_version=&#8221;4.16&#8243; global_colors_info=&#8221;{}&#8221;][et_pb_blurb title=&#8221;Vollzeit&#8221; use_icon=&#8221;on&#8221; font_icon=&#8221;&#x7d;||divi||400&#8243; icon_color=&#8221;#3c8ac9&#8243; icon_placement=&#8221;left&#8221; image_icon_width=&#8221;20px&#8221; _builder_version=&#8221;4.16&#8243; header_level=&#8221;h2&#8243; header_font=&#8221;|300|||||||&#8221; header_text_color=&#8221;#3c8ac9&#8243; header_font_size=&#8221;18px&#8221; icon_font_size=&#8221;20px&#8221; global_colors_info=&#8221;{}&#8221;][\/et_pb_blurb][\/et_pb_column][et_pb_column type=&#8221;1_4&#8243; _builder_version=&#8221;4.16&#8243; global_colors_info=&#8221;{}&#8221;][et_pb_blurb title=&#8221;sofort&#8221; use_icon=&#8221;on&#8221; font_icon=&#8221;&#x49;||divi||400&#8243; icon_color=&#8221;#3c8ac9&#8243; icon_placement=&#8221;left&#8221; image_icon_width=&#8221;20px&#8221; _builder_version=&#8221;4.16&#8243; header_level=&#8221;h2&#8243; header_font=&#8221;|300|||||||&#8221; header_text_color=&#8221;#3c8ac9&#8243; header_font_size=&#8221;18px&#8221; icon_font_size=&#8221;20px&#8221; global_colors_info=&#8221;{}&#8221;][\/et_pb_blurb][\/et_pb_column][et_pb_column type=&#8221;1_4&#8243; _builder_version=&#8221;4.16&#8243; global_colors_info=&#8221;{}&#8221;][\/et_pb_column][\/et_pb_row][et_pb_row _builder_version=&#8221;4.16&#8243; global_colors_info=&#8221;{}&#8221;][et_pb_column type=&#8221;4_4&#8243; _builder_version=&#8221;4.16&#8243; global_colors_info=&#8221;{}&#8221;][et_pb_text _builder_version=&#8221;4.27.4&#8243; text_font=&#8221;Montserrat|300|||||||&#8221; text_font_size=&#8221;16px&#8221; text_line_height=&#8221;1.8em&#8221; header_font=&#8221;||||||||&#8221; header_3_text_color=&#8221;#686868&#8243; header_3_font_size=&#8221;18px&#8221; header_3_line_height=&#8221;1.3em&#8221; custom_margin=&#8221;1px||1px|||&#8221; custom_padding=&#8221;||0px|||&#8221; animation_style=&#8221;slide&#8221; animation_direction=&#8221;top&#8221; animation_intensity_slide=&#8221;10%&#8221; locked=&#8221;off&#8221; global_colors_info=&#8221;{}&#8221;]<\/p>\n<div class=\"sc-hLseeU eFIfeu\">\n<div class=\"sc-hLseeU eFIfeu\">\n<div class=\"sc-hLseeU eFIfeu\">\n<p>Bei der RTSB GmbH kannst du etwas bewegen: wir bringen G\u00fcter auf die Schiene. Mit innovativen Logistikdienstleistungen zwischen China und Europa sind wir zu einem f\u00fchrenden Transportunternehmen in den Bereichen Containerdisposition und Blockzugbetrieb gewachsen &#8211; sogar in der Corona-Pandemie. Werde Teil unseres internationalen Teams, das an 21 Standorten in 15 L\u00e4ndern aktiv ist und bestimme mit uns die Zukunft der Bahnlogistik.<\/p>\n<p>Wir bieten zum n\u00e4chstm\u00f6glichen Zeitpunkt am Standort Friedrichsdorf eine Position als:<\/p>\n<p><strong>Sachbearbeiter (m\/w\/d) Pricing Management<\/strong><\/p>\n<\/div>\n<h2 class=\"sc-hLseeU gDfXIv\"><\/h2>\n<h2 class=\"sc-hLseeU gDfXIv\"><\/h2>\n<h3 class=\"sc-hLseeU gDfXIv\">Aufgaben<\/h3>\n<div class=\"sc-hLseeU eFIfeu\">\n<ul>\n<li>Preisgestaltung f\u00fcr Produkte analysieren und bewerten<\/li>\n<li>Import der Frachtpreise in die firmeneigene IT Software<\/li>\n<li>Kalkulationen erstellen und Preise f\u00fcr intermodale Transportl\u00f6sungen festlegen<\/li>\n<li>Markt- und Wettbewerbsanalysen durchf\u00fchren, um die Wettbewerbsf\u00e4higkeit der Preise sicherzustellen<\/li>\n<li>Kommunikation mit Kunden und internen Stakeholdern, um Preisvereinbarungen zu treffen<\/li>\n<li>\u00dcberpr\u00fcfung und Aktualisierung der Preisstrategie basierend auf den Marktbedingungen und Unternehmenszielen<\/li>\n<\/ul>\n<\/div>\n<h3 class=\"sc-hLseeU gDfXIv\">Qualifikation<\/h3>\n<div class=\"sc-hLseeU eFIfeu\">\n<ul>\n<li>Abgeschlossene Ausbildung als Kaufmann\/-frau f\u00fcr Spedition und Logistikdienstleistung oder vergleichbar<\/li>\n<li>Erfahrungen im oben genannten Aufgabenbereich<\/li>\n<li>Flie\u00dfende Englisch- und Deutschkenntnisse<\/li>\n<li>IT-Affinit\u00e4t, MS-Office Kenntnisse sind erforderlich<\/li>\n<li>Kommunikationsst\u00e4rke und Organisationsgeschick<\/li>\n<li>Schnelle Auffassungsgabe, Flexibilit\u00e4t und Lernbereitschaft<\/li>\n<li>Zuverl\u00e4ssigkeit und gr\u00fcndliches Arbeiten<\/li>\n<li>Teamf\u00e4higkeit<\/li>\n<\/ul>\n<\/div>\n<h3 class=\"sc-hLseeU gDfXIv\">Benefits<\/h3>\n<div class=\"sc-hLseeU eFIfeu\">\n<ul>\n<li><strong>Festanstellung<\/strong> mit unbefristetem Vertrag und guten Aufstiegschancen<\/li>\n<li><strong>Flexible Arbeitszeiten<\/strong><\/li>\n<li><strong>Homeoffice M\u00f6glichkeiten<\/strong> nach der Probezeit<\/li>\n<li>Eine <strong>vielseitige T\u00e4tigkeit<\/strong> mit viel Verantwortung in einem international t\u00e4tigen, dynamischen Unternehmen<\/li>\n<li><strong>Attraktive Entlohnung<\/strong> sowie Sonderzahlungen<\/li>\n<li>Vielf\u00e4ltige <strong>Fort- und Weiterbildungsm\u00f6glichkeiten<\/strong><\/li>\n<li>Kostenloses <strong>Job-Ticket<\/strong> (Unser B\u00fcro liegt 3 min. vom Bahnhof in Friedrichsdorf entfernt und ist mit \u00f6ffentlichen Verkehrsmitteln hervorragend zu erreichen)<\/li>\n<li><strong>Kostenlose Getr\u00e4nke<\/strong> (Kaffee, Tee, Wasser, S\u00e4fte) und <strong>frisches Obst<\/strong><\/li>\n<li><strong>Betriebliche Altersvorsorge<\/strong><\/li>\n<li>Regelm\u00e4\u00dfige, gemeinsame <strong>Team-Events<\/strong> und Firmenfeiern<\/li>\n<\/ul>\n<\/div>\n<div class=\"sc-hLseeU eFIfeu\">\n<p>Werde Teil eines f\u00fchrenden Anbieters f\u00fcr Transportl\u00f6sungen. Bringe deine Logistikexpertise als Sachbearbeiter (m\/w\/d) Pricing Management bei RTSB GmbH ein und gestalte die Zukunft der Branche mit!<\/p>\n<p>Auch wenn du nicht alle Anforderungen erf\u00fcllen kannst, lohnt sich deine Bewerbung in unserem Hause.<\/p>\n<p>Bei Fragen kannst du dich gerne an unsere Ansprechpartnerin wenden.<\/p>\n<p><strong>Kontaktdaten:<\/strong><\/p>\n<p>Amanda Fu\u0161ko<br \/>Human Resource Specialist<br \/>Tel.: 06172 59 08 67<\/p>\n<\/div>\n<\/div>\n<\/div>\n<p>[\/et_pb_text][et_pb_code _builder_version=&#8221;4.27.4&#8243; _module_preset=&#8221;default&#8221; custom_padding=&#8221;51px|||||&#8221; hover_enabled=&#8221;0&#8243; global_colors_info=&#8221;{}&#8221; sticky_enabled=&#8221;0&#8243;]<form id=\"forminator-module-236585\" class=\"forminator-custom-form forminator-custom-form-236585\" method=\"post\" data-forminator-render=\"0\" data-uid=\"69defd0f9ab53\"><div role=\"alert\" aria-live=\"polite\" class=\"forminator-response-message forminator-error\" aria-hidden=\"true\"><\/div><\/form>[\/et_pb_code][\/et_pb_column][\/et_pb_row][\/et_pb_section]<\/p>\n","protected":false},"excerpt":{"rendered":"<p>Sachbearbeiter Pricing Management (m\/w\/d) Bei der RTSB GmbH kannst du etwas bewegen: wir bringen G\u00fcter auf die Schiene. Mit innovativen Logistikdienstleistungen zwischen China und Europa sind wir zu einem f\u00fchrenden Transportunternehmen in den Bereichen Containerdisposition und Blockzugbetrieb gewachsen &#8211; sogar in der Corona-Pandemie. Werde Teil unseres internationalen Teams, das an 21 Standorten in 15 L\u00e4ndern [&hellip;]<\/p>\n","protected":false},"author":5,"featured_media":0,"parent":0,"menu_order":0,"comment_status":"closed","ping_status":"closed","template":"","meta":{"_et_pb_use_builder":"on","_et_pb_old_content":"","_et_gb_content_width":"","footnotes":""},"class_list":["post-237169","page","type-page","status-publish","hentry"],"yoast_head":"<!-- This site is optimized with the Yoast SEO Premium plugin v27.2 (Yoast SEO v27.2) - https:\/\/yoast.com\/product\/yoast-seo-premium-wordpress\/ -->\n<title>Sachbearbeiter Pricing Management | RTSB Group<\/title>\n<meta name=\"robots\" content=\"index, follow, max-snippet:-1, max-image-preview:large, max-video-preview:-1\" \/>\n<link rel=\"canonical\" href=\"https:\/\/rtsb.group\/zh\/sachbearbeiter-pricing-management\/\" \/>\n<meta property=\"og:locale\" content=\"zh_CN\" \/>\n<meta property=\"og:type\" content=\"article\" \/>\n<meta property=\"og:title\" content=\"Sachbearbeiter Pricing Management\" \/>\n<meta property=\"og:url\" content=\"https:\/\/rtsb.group\/zh\/sachbearbeiter-pricing-management\/\" \/>\n<meta property=\"og:site_name\" content=\"RTSB Group\" \/>\n<meta property=\"article:modified_time\" content=\"2025-01-31T12:36:37+00:00\" \/>\n<meta property=\"og:image\" content=\"https:\/\/mlitppkqegoh.i.optimole.com\/cb:jeLg~747d\/w:auto\/h:auto\/q:mauto\/g:sm\/f:best\/ig:avif\/https:\/\/rtsb.group\/wp-content\/uploads\/2019\/11\/R_Group_black-e1594378205704.png\" \/>\n\t<meta property=\"og:image:width\" content=\"58\" \/>\n\t<meta property=\"og:image:height\" content=\"56\" \/>\n\t<meta property=\"og:image:type\" content=\"image\/png\" \/>\n<script type=\"application\/ld+json\" class=\"yoast-schema-graph\">{\"@context\":\"https:\/\/schema.org\",\"@graph\":[{\"@type\":\"WebPage\",\"@id\":\"https:\/\/rtsb.group\/sachbearbeiter-pricing-management\/\",\"url\":\"https:\/\/rtsb.group\/sachbearbeiter-pricing-management\/\",\"name\":\"Sachbearbeiter Pricing Management | RTSB Group\",\"isPartOf\":{\"@id\":\"https:\/\/rtsb.group\/#website\"},\"datePublished\":\"2025-01-31T12:20:14+00:00\",\"dateModified\":\"2025-01-31T12:36:37+00:00\",\"breadcrumb\":{\"@id\":\"https:\/\/rtsb.group\/sachbearbeiter-pricing-management\/#breadcrumb\"},\"inLanguage\":\"zh-Hans\",\"potentialAction\":[{\"@type\":\"ReadAction\",\"target\":[\"https:\/\/rtsb.group\/sachbearbeiter-pricing-management\/\"]}]},{\"@type\":\"BreadcrumbList\",\"@id\":\"https:\/\/rtsb.group\/sachbearbeiter-pricing-management\/#breadcrumb\",\"itemListElement\":[{\"@type\":\"ListItem\",\"position\":1,\"name\":\"Home\",\"item\":\"https:\/\/rtsb.group\/\"},{\"@type\":\"ListItem\",\"position\":2,\"name\":\"Sachbearbeiter Pricing Management\"}]},{\"@type\":\"WebSite\",\"@id\":\"https:\/\/rtsb.group\/#website\",\"url\":\"https:\/\/rtsb.group\/\",\"name\":\"RTSB Group\",\"description\":\"Your Rail Link Between Europe and Asia\",\"publisher\":{\"@id\":\"https:\/\/rtsb.group\/#organization\"},\"alternateName\":\"RTSB\",\"potentialAction\":[{\"@type\":\"SearchAction\",\"target\":{\"@type\":\"EntryPoint\",\"urlTemplate\":\"https:\/\/rtsb.group\/?s={search_term_string}\"},\"query-input\":{\"@type\":\"PropertyValueSpecification\",\"valueRequired\":true,\"valueName\":\"search_term_string\"}}],\"inLanguage\":\"zh-Hans\"},{\"@type\":[\"Organization\",\"Place\"],\"@id\":\"https:\/\/rtsb.group\/#organization\",\"name\":\"RTSB GmbH Rail Transportation Service Broker\",\"alternateName\":\"RTSB\",\"url\":\"https:\/\/rtsb.group\/\",\"logo\":{\"@id\":\"https:\/\/rtsb.group\/sachbearbeiter-pricing-management\/#local-main-organization-logo\"},\"image\":{\"@id\":\"https:\/\/rtsb.group\/sachbearbeiter-pricing-management\/#local-main-organization-logo\"},\"sameAs\":[\"https:\/\/www.linkedin.com\/company\/rtsb-gmbh\/\"],\"description\":\"RTSB Group\u2019s operational footprint is designed with purpose: to support seamless intermodal connectivity across Europe, Central Asia, and China. With a network of offices, terminals, partner depots, and customs points strategically distributed along key trade corridors, we ensure that every shipment benefits from proximity, efficiency, and local expertise. The family business started out as a freight forwarder between Europe and the CIS and grew to become a global player in rail freight transportation, with locations in 15 countries an a turnover of 800 Million USD in 2024.\",\"legalName\":\"RTSB GmbH Rail Transportation Service Broker\",\"numberOfEmployees\":{\"@type\":\"QuantitativeValue\",\"minValue\":\"201\",\"maxValue\":\"500\"},\"address\":{\"@id\":\"https:\/\/rtsb.group\/sachbearbeiter-pricing-management\/#local-main-place-address\"},\"telephone\":[\"+49617259080\"],\"contactPoint\":{\"@type\":\"ContactPoint\",\"telephone\":\"49617259080\",\"email\":\"sales@rtsb.de\"},\"openingHoursSpecification\":[{\"@type\":\"OpeningHoursSpecification\",\"dayOfWeek\":[\"Monday\",\"Tuesday\",\"Wednesday\",\"Thursday\",\"Friday\",\"Saturday\",\"Sunday\"],\"opens\":\"09:00\",\"closes\":\"17:00\"}],\"email\":\"info@rtsb.de\",\"areaServed\":\"worldwide\",\"vatID\":\"DE191151613\",\"taxID\":\"003 242 88102\"},{\"@type\":\"PostalAddress\",\"@id\":\"https:\/\/rtsb.group\/sachbearbeiter-pricing-management\/#local-main-place-address\",\"streetAddress\":\"Industriestr. 24\",\"addressLocality\":\"Friedrichsdorf\",\"postalCode\":\"61381\",\"addressRegion\":\"Hessen\",\"addressCountry\":\"DE\"},{\"@type\":\"ImageObject\",\"inLanguage\":\"zh-Hans\",\"@id\":\"https:\/\/rtsb.group\/sachbearbeiter-pricing-management\/#local-main-organization-logo\",\"url\":\"https:\/\/mlitppkqegoh.i.optimole.com\/cb:jeLg~747d\/w:auto\/h:auto\/q:mauto\/g:sm\/f:best\/ig:avif\/https:\/\/rtsb.group\/wp-content\/uploads\/2025\/07\/R_Group_black.png\",\"contentUrl\":\"https:\/\/mlitppkqegoh.i.optimole.com\/cb:jeLg~747d\/w:auto\/h:auto\/q:mauto\/g:sm\/f:best\/ig:avif\/https:\/\/rtsb.group\/wp-content\/uploads\/2025\/07\/R_Group_black.png\",\"width\":154,\"height\":148,\"caption\":\"RTSB GmbH Rail Transportation Service Broker\"}]}<\/script>\n<meta name=\"geo.placename\" content=\"Friedrichsdorf\" \/>\n<meta name=\"geo.region\" content=\"Germany\" \/>\n<!-- \/ Yoast SEO Premium plugin. -->","yoast_head_json":{"title":"Sachbearbeiter Pricing Management | RTSB Group","robots":{"index":"index","follow":"follow","max-snippet":"max-snippet:-1","max-image-preview":"max-image-preview:large","max-video-preview":"max-video-preview:-1"},"canonical":"https:\/\/rtsb.group\/zh\/sachbearbeiter-pricing-management\/","og_locale":"zh_CN","og_type":"article","og_title":"Sachbearbeiter Pricing Management","og_url":"https:\/\/rtsb.group\/zh\/sachbearbeiter-pricing-management\/","og_site_name":"RTSB Group","article_modified_time":"2025-01-31T12:36:37+00:00","og_image":[{"width":58,"height":56,"url":"https:\/\/mlitppkqegoh.i.optimole.com\/cb:jeLg~747d\/w:auto\/h:auto\/q:mauto\/g:sm\/f:best\/ig:avif\/https:\/\/rtsb.group\/wp-content\/uploads\/2019\/11\/R_Group_black-e1594378205704.png","type":"image\/png"}],"schema":{"@context":"https:\/\/schema.org","@graph":[{"@type":"WebPage","@id":"https:\/\/rtsb.group\/sachbearbeiter-pricing-management\/","url":"https:\/\/rtsb.group\/sachbearbeiter-pricing-management\/","name":"Sachbearbeiter Pricing Management | RTSB Group","isPartOf":{"@id":"https:\/\/rtsb.group\/#website"},"datePublished":"2025-01-31T12:20:14+00:00","dateModified":"2025-01-31T12:36:37+00:00","breadcrumb":{"@id":"https:\/\/rtsb.group\/sachbearbeiter-pricing-management\/#breadcrumb"},"inLanguage":"zh-Hans","potentialAction":[{"@type":"ReadAction","target":["https:\/\/rtsb.group\/sachbearbeiter-pricing-management\/"]}]},{"@type":"BreadcrumbList","@id":"https:\/\/rtsb.group\/sachbearbeiter-pricing-management\/#breadcrumb","itemListElement":[{"@type":"ListItem","position":1,"name":"Home","item":"https:\/\/rtsb.group\/"},{"@type":"ListItem","position":2,"name":"Sachbearbeiter Pricing Management"}]},{"@type":"WebSite","@id":"https:\/\/rtsb.group\/#website","url":"https:\/\/rtsb.group\/","name":"RTSB Group","description":"Your Rail Link Between Europe and Asia","publisher":{"@id":"https:\/\/rtsb.group\/#organization"},"alternateName":"RTSB","potentialAction":[{"@type":"SearchAction","target":{"@type":"EntryPoint","urlTemplate":"https:\/\/rtsb.group\/?s={search_term_string}"},"query-input":{"@type":"PropertyValueSpecification","valueRequired":true,"valueName":"search_term_string"}}],"inLanguage":"zh-Hans"},{"@type":["Organization","Place"],"@id":"https:\/\/rtsb.group\/#organization","name":"RTSB GmbH Rail Transportation Service Broker","alternateName":"RTSB","url":"https:\/\/rtsb.group\/","logo":{"@id":"https:\/\/rtsb.group\/sachbearbeiter-pricing-management\/#local-main-organization-logo"},"image":{"@id":"https:\/\/rtsb.group\/sachbearbeiter-pricing-management\/#local-main-organization-logo"},"sameAs":["https:\/\/www.linkedin.com\/company\/rtsb-gmbh\/"],"description":"RTSB Group\u2019s operational footprint is designed with purpose: to support seamless intermodal connectivity across Europe, Central Asia, and China. With a network of offices, terminals, partner depots, and customs points strategically distributed along key trade corridors, we ensure that every shipment benefits from proximity, efficiency, and local expertise. The family business started out as a freight forwarder between Europe and the CIS and grew to become a global player in rail freight transportation, with locations in 15 countries an a turnover of 800 Million USD in 2024.","legalName":"RTSB GmbH Rail Transportation Service Broker","numberOfEmployees":{"@type":"QuantitativeValue","minValue":"201","maxValue":"500"},"address":{"@id":"https:\/\/rtsb.group\/sachbearbeiter-pricing-management\/#local-main-place-address"},"telephone":["+49617259080"],"contactPoint":{"@type":"ContactPoint","telephone":"49617259080","email":"sales@rtsb.de"},"openingHoursSpecification":[{"@type":"OpeningHoursSpecification","dayOfWeek":["Monday","Tuesday","Wednesday","Thursday","Friday","Saturday","Sunday"],"opens":"09:00","closes":"17:00"}],"email":"info@rtsb.de","areaServed":"worldwide","vatID":"DE191151613","taxID":"003 242 88102"},{"@type":"PostalAddress","@id":"https:\/\/rtsb.group\/sachbearbeiter-pricing-management\/#local-main-place-address","streetAddress":"Industriestr. 24","addressLocality":"Friedrichsdorf","postalCode":"61381","addressRegion":"Hessen","addressCountry":"DE"},{"@type":"ImageObject","inLanguage":"zh-Hans","@id":"https:\/\/rtsb.group\/sachbearbeiter-pricing-management\/#local-main-organization-logo","url":"https:\/\/mlitppkqegoh.i.optimole.com\/cb:jeLg~747d\/w:auto\/h:auto\/q:mauto\/g:sm\/f:best\/ig:avif\/https:\/\/rtsb.group\/wp-content\/uploads\/2025\/07\/R_Group_black.png","contentUrl":"https:\/\/mlitppkqegoh.i.optimole.com\/cb:jeLg~747d\/w:auto\/h:auto\/q:mauto\/g:sm\/f:best\/ig:avif\/https:\/\/rtsb.group\/wp-content\/uploads\/2025\/07\/R_Group_black.png","width":154,"height":148,"caption":"RTSB GmbH Rail Transportation Service Broker"}]},"geo.placename":"Friedrichsdorf","geo.region":"Germany"},"amp_enabled":true,"_links":{"self":[{"href":"https:\/\/rtsb.group\/zh\/wp-json\/wp\/v2\/pages\/237169","targetHints":{"allow":["GET"]}}],"collection":[{"href":"https:\/\/rtsb.group\/zh\/wp-json\/wp\/v2\/pages"}],"about":[{"href":"https:\/\/rtsb.group\/zh\/wp-json\/wp\/v2\/types\/page"}],"author":[{"embeddable":true,"href":"https:\/\/rtsb.group\/zh\/wp-json\/wp\/v2\/users\/5"}],"replies":[{"embeddable":true,"href":"https:\/\/rtsb.group\/zh\/wp-json\/wp\/v2\/comments?post=237169"}],"version-history":[{"count":0,"href":"https:\/\/rtsb.group\/zh\/wp-json\/wp\/v2\/pages\/237169\/revisions"}],"wp:attachment":[{"href":"https:\/\/rtsb.group\/zh\/wp-json\/wp\/v2\/media?parent=237169"}],"curies":[{"name":"wp","href":"https:\/\/api.w.org\/{rel}","templated":true}]}}